{"id":3228,"date":"2022-09-19T12:15:32","date_gmt":"2022-09-19T12:15:32","guid":{"rendered":"https:\/\/jitsuvax.info\/?page_id=3228"},"modified":"2023-04-05T17:39:13","modified_gmt":"2023-04-05T17:39:13","slug":"privacy-policy","status":"publish","type":"page","link":"https:\/\/jitsuvax.info\/de\/privacy-policy\/","title":{"rendered":"DATENSCHUTZRICHTLINIE"},"content":{"rendered":"<div data-elementor-type=\"wp-page\" data-elementor-id=\"3228\" class=\"elementor elementor-3228\">\n\t\t\t\t\t\t\t\t\t<section data-particle_enable=\"false\" data-particle-mobile-disabled=\"false\" class=\"elementor-section elementor-top-section elementor-element elementor-element-7010770c elementor-section-boxed elementor-section-height-default elementor-section-height-default\" data-id=\"7010770c\" data-element_type=\"section\" data-settings=\"{&quot;background_background&quot;:&quot;classic&quot;}\">\n\t\t\t\t\t\t<div class=\"elementor-container elementor-column-gap-default\">\n\t\t\t\t\t<div class=\"elementor-column elementor-col-100 elementor-top-column elementor-element elementor-element-b52fe35\" data-id=\"b52fe35\" data-element_type=\"column\">\n\t\t\t<div class=\"elementor-widget-wrap elementor-element-populated\">\n\t\t\t\t\t\t\t\t<div class=\"elementor-element elementor-element-8ed8db9 animated-fast elementor-invisible elementor-widget elementor-widget-heading\" data-id=\"8ed8db9\" data-element_type=\"widget\" data-settings=\"{&quot;_animation&quot;:&quot;fadeIn&quot;}\" data-widget_type=\"heading.default\">\n\t\t\t\t<div class=\"elementor-widget-container\">\n\t\t\t<style>\/*! elementor - v3.6.6 - 08-06-2022 *\/\n.elementor-heading-title{padding:0;margin:0;line-height:1}.elementor-widget-heading .elementor-heading-title[class*=elementor-size-]>a{color:inherit;font-size:inherit;line-height:inherit}.elementor-widget-heading .elementor-heading-title.elementor-size-small{font-size:15px}.elementor-widget-heading .elementor-heading-title.elementor-size-medium{font-size:19px}.elementor-widget-heading .elementor-heading-title.elementor-size-large{font-size:29px}.elementor-widget-heading .elementor-heading-title.elementor-size-xl{font-size:39px}.elementor-widget-heading .elementor-heading-title.elementor-size-xxl{font-size:59px}<\/style><h1 class=\"elementor-heading-title elementor-size-default\">DATENSCHUTZRICHTLINIE<\/h1>\t\t<\/div>\n\t\t\t\t<\/div>\n\t\t\t\t<div class=\"elementor-element elementor-element-77e2cb8 elementor-widget elementor-widget-text-editor\" data-id=\"77e2cb8\" data-element_type=\"widget\" data-widget_type=\"text-editor.default\">\n\t\t\t\t<div class=\"elementor-widget-container\">\n\t\t\t<style>\/*! elementor - v3.6.6 - 08-06-2022 *\/\n.elementor-widget-text-editor.elementor-drop-cap-view-stacked .elementor-drop-cap{background-color:#818a91;color:#fff}.elementor-widget-text-editor.elementor-drop-cap-view-framed .elementor-drop-cap{color:#818a91;border:3px solid;background-color:transparent}.elementor-widget-text-editor:not(.elementor-drop-cap-view-default) .elementor-drop-cap{margin-top:8px}.elementor-widget-text-editor:not(.elementor-drop-cap-view-default) .elementor-drop-cap-letter{width:1em;height:1em}.elementor-widget-text-editor .elementor-drop-cap{float:left;text-align:center;line-height:1;font-size:50px}.elementor-widget-text-editor .elementor-drop-cap-letter{display:inline-block}<\/style>\t\t\t\t<p><span style=\"font-weight: 400;\">\"JITSUVAX\" und die Universit\u00e4t Cambridge (nachfolgend \"wir, uns oder unser\" genannt) verpflichten sich, Ihre Privatsph\u00e4re in \u00dcbereinstimmung mit den geltenden Datenschutzgesetzen zu sch\u00fctzen und zu respektieren.<\/span><\/p><p><span style=\"font-weight: 400;\">In dieser Richtlinie wird dargelegt, auf welcher Grundlage wir personenbezogene Daten verarbeiten, die wir von Ihnen erheben oder die Sie uns zur Verf\u00fcgung stellen.  Bitte lesen Sie das Folgende sorgf\u00e4ltig durch, um unsere Ansichten und Praktiken in Bezug auf Ihre personenbezogenen Daten zu verstehen und zu wissen, wie wir mit Ihren Daten umgehen.\u00a0<\/span><\/p>\t\t\t\t\t\t<\/div>\n\t\t\t\t<\/div>\n\t\t\t\t<div class=\"elementor-element elementor-element-eb0f279 elementor-widget elementor-widget-text-editor\" data-id=\"eb0f279\" data-element_type=\"widget\" data-widget_type=\"text-editor.default\">\n\t\t\t\t<div class=\"elementor-widget-container\">\n\t\t\t\t\t\t\t<p><b>Definitionen<\/b><\/p><p><span style=\"font-weight: 400;\">Daten: alle Informationen, die Sie der Universit\u00e4t Cambridge \u00fcber diese Webseite \u00fcbermitteln. Diese Definition umfasst, soweit zutreffend, die Definitionen in den Datenschutzgesetzen.<\/span><\/p><p><span style=\"font-weight: 400;\">Cookies: eine kleine Textdatei, die von dieser Webseite auf Ihrem Computer gespeichert wird, wenn Sie bestimmte Teile der Webseite besuchen und\/oder wenn Sie bestimmte Funktionen der Webseite nutzen. Einzelheiten zu den von dieser Webseite verwendeten Cookies finden Sie in der Klausel weiter unten (Cookies).<\/span><\/p><p><span style=\"font-weight: 400;\">Datenschutzgesetze: alle anwendbaren Gesetze, die sich auf die Verarbeitung personenbezogener Daten beziehen, einschlie\u00dflich, aber nicht beschr\u00e4nkt auf die DSGVO und alle nationalen Durchf\u00fchrungs- und Zusatzgesetze, Verordnungen und abgeleitete Rechtsvorschriften.<\/span><\/p><p><span style=\"font-weight: 400;\">Cookie-Gesetz des Vereinigten K\u00f6nigreichs und der EU: Bezeichnung f\u00fcr die Privacy and Electronic Communications (EU-Richtlinie) Regulations 2003, abge\u00e4ndert durch die Privacy and Electronic Communications (EU-Richtlinie) (Ab\u00e4nderung) Regulations 2011 &amp; die Privacy and Electronic Communications (EU-Richtlinie) (Ab\u00e4nderung) Regulations 2018<\/span><\/p><p><span style=\"font-weight: 400;\">Webseite: die Webseite, die Sie gerade nutzen, www.jitsuvax\/info, sowie alle Unterseiten dieser Webseite.\u00a0<\/span><\/p>\t\t\t\t\t\t<\/div>\n\t\t\t\t<\/div>\n\t\t\t\t<div class=\"elementor-element elementor-element-2760c22 elementor-widget elementor-widget-text-editor\" data-id=\"2760c22\" data-element_type=\"widget\" data-widget_type=\"text-editor.default\">\n\t\t\t\t<div class=\"elementor-widget-container\">\n\t\t\t\t\t\t\t<p><b>Datenschutzerkl\u00e4rung<\/b><\/p><p><span style=\"font-weight: 400;\">Im Sinne der Datenschutzverordnung ist die Universit\u00e4t Cambridge verantwortlich f\u00fcr die Datenverarbeitung.\u00a0Die Rechtsgrundlage f\u00fcr die Verwendung Ihrer personenbezogenen Daten ist die Durchf\u00fchrung einer T\u00e4tigkeit im Interesse der \u00d6ffentlichkeit (z. B. akademische Forschung und Zusammenarbeit mit Interessengruppen und der \u00d6ffentlichkeit).<\/span><\/p><p><span style=\"font-weight: 400;\">Bitte richten Sie alle Anfragen zu dieser Datenschutzrichtlinie an <\/span><span style=\"font-weight: 400;\">Sander<\/span><span style=\"font-weight: 400;\"> van der Linden (sv395@cam.ac.uk).<\/span><\/p><p><span style=\"font-weight: 400;\">Den Datenschutzbeauftragten der Universit\u00e4t Cambridge erreichen Sie unter:\u00a0<\/span><a href=\"mailto:dpo@admin.cam.ac.uk\"><span style=\"font-weight: 400;\">dpo@admin.cam.ac.uk<\/span><\/a><span style=\"font-weight: 400;\">.\u00a0<\/span><\/p>\t\t\t\t\t\t<\/div>\n\t\t\t\t<\/div>\n\t\t\t\t<div class=\"elementor-element elementor-element-e1fcb9b elementor-widget elementor-widget-text-editor\" data-id=\"e1fcb9b\" data-element_type=\"widget\" data-widget_type=\"text-editor.default\">\n\t\t\t\t<div class=\"elementor-widget-container\">\n\t\t\t\t\t\t\t<p><b>Gesammelte Daten<\/b><\/p><p><span style=\"font-weight: 400;\">In \u00dcbereinstimmung mit dieser Datenschutzerkl\u00e4rung k\u00f6nnen wir Daten von Ihnen sammeln, wie auf der Google Analytics-Webseite <\/span><a href=\"https:\/\/policies.google.com\/privacy\"><span style=\"font-weight: 400;\">https:\/\/policies.google.com\/privacy<\/span><\/a><span style=\"font-weight: 400;\"> beschrieben. Dazu z\u00e4hlen Ihre IP-Adresse, das Datum, wann und wie h\u00e4ufig Sie die Webseite besuchen, sowie die Art und Weise, wie Sie den Inhalt der Webseite nutzen. Diese Informationen helfen uns, den Inhalt und die Navigation der Webseite zu verbessern.<\/span><\/p><p><span style=\"font-weight: 400;\">Wir sammeln Ihre Daten automatisch \u00fcber Cookies, entsprechend den Cookie-Einstellungen Ihres Browsers. Weitere Informationen \u00fcber Cookies und wie wir sie auf der Webseite verwenden, finden Sie im Abschnitt \"Cookies\".<\/span><\/p>\t\t\t\t\t\t<\/div>\n\t\t\t\t<\/div>\n\t\t\t\t<div class=\"elementor-element elementor-element-7962334 elementor-widget elementor-widget-text-editor\" data-id=\"7962334\" data-element_type=\"widget\" data-widget_type=\"text-editor.default\">\n\t\t\t\t<div class=\"elementor-widget-container\">\n\t\t\t\t\t\t\t<p><b>Mit wem wir Daten teilen<\/b><\/p><p><span style=\"font-weight: 400;\">Wir k\u00f6nnen Ihre Daten an unsere Mitarbeitenden, Vertreter*innen und\/oder professionellen Berater*innen weitergeben, damit wir die Nutzung der Webseite in \u00dcbereinstimmung mit dieser Datenschutzrichtlinie nachvollziehen k\u00f6nnen.<\/span><\/p>\t\t\t\t\t\t<\/div>\n\t\t\t\t<\/div>\n\t\t\t\t<div class=\"elementor-element elementor-element-d3a7ae1 elementor-widget elementor-widget-text-editor\" data-id=\"d3a7ae1\" data-element_type=\"widget\" data-widget_type=\"text-editor.default\">\n\t\t\t\t<div class=\"elementor-widget-container\">\n\t\t\t\t\t\t\t<p><b>Wo wir Ihre pers\u00f6nlichen Daten speichern<\/b><\/p><p><span style=\"font-weight: 400;\">Alle Informationen, die Sie uns zur Verf\u00fcgung stellen, werden auf sicheren Servern gespeichert. Die Server befinden sich sowohl im Europ\u00e4ischen Wirtschaftsraum (EWR) als auch bei internationalen Datenverarbeitern, welche die DSGVO einhalten. Wenn internationale Datenverarbeiter eingesetzt werden, werden alle angemessenen technischen und rechtlichen Sicherheitsvorkehrungen getroffen, um sicherzustellen, dass Sie das gleiche Ma\u00df an Schutz genie\u00dfen wie innerhalb des EWR.<\/span><\/p><p><span style=\"font-weight: 400;\">Sobald wir Ihre Daten erhalten haben, wenden wir strenge Verfahren und Sicherheitsvorkehrungen an, um einen unbefugten Zugriff zu verhindern. Wir bewahren personenbezogene Daten nur so lange auf, wie es in Anbetracht des Zwecks, f\u00fcr den sie erhoben wurden, erforderlich oder zul\u00e4ssig ist und im Einklang mit dem geltenden Recht steht.<\/span><\/p>\t\t\t\t\t\t<\/div>\n\t\t\t\t<\/div>\n\t\t\t\t<div class=\"elementor-element elementor-element-9dee51f elementor-widget elementor-widget-text-editor\" data-id=\"9dee51f\" data-element_type=\"widget\" data-widget_type=\"text-editor.default\">\n\t\t\t\t<div class=\"elementor-widget-container\">\n\t\t\t\t\t\t\t<p><b>Ihre Rechte<\/b><\/p><p><span style=\"font-weight: 400;\">Die Datenschutzgesetzgebung gibt Ihnen eine Reihe von Rechten in Bezug auf Ihre pers\u00f6nlichen Daten. Dazu z\u00e4hlt unter anderem das Recht auf Auskunft, welche Informationen wir \u00fcber Sie gespeichert haben. Einen \u00dcberblick \u00fcber Ihre Rechte und wie Sie diese aus\u00fcben k\u00f6nnen, finden Sie auf unserer allgemeinen Datenschutzseite: <\/span><a href=\"https:\/\/www.information-compliance.admin.cam.ac.uk\/data-protection\"><span style=\"font-weight: 400;\">https:\/\/www.information-compliance.admin.cam.ac.uk\/data-protection<\/span><\/a><\/p><p><span style=\"font-weight: 400;\">Die Webseite kann mitunter Links zu und von anderen Webseiten enthalten. Wenn Sie einem Link zu einer dieser Webseiten folgen, beachten Sie bitte, dass diese Webseiten ihre eigenen Datenschutzrichtlinien haben und dass wir keine Verantwortung oder Haftung f\u00fcr diese Richtlinien \u00fcbernehmen.  Bitte \u00fcberpr\u00fcfen Sie diese Richtlinien, bevor Sie pers\u00f6nliche Daten an diese Webseiten \u00fcbermitteln.<\/span><\/p>\t\t\t\t\t\t<\/div>\n\t\t\t\t<\/div>\n\t\t\t\t<div class=\"elementor-element elementor-element-49b882e elementor-widget elementor-widget-text-editor\" data-id=\"49b882e\" data-element_type=\"widget\" data-widget_type=\"text-editor.default\">\n\t\t\t\t<div class=\"elementor-widget-container\">\n\t\t\t\t\t\t\t<p><b>\u00dcbermittlungen au\u00dferhalb des Vereinigten K\u00f6nigreichs und des Europ\u00e4ischen Wirtschaftsraums<\/b><\/p><p><span style=\"font-weight: 400;\">Daten, die wir von Ihnen erheben, k\u00f6nnen in L\u00e4ndern au\u00dferhalb des Vereinigten K\u00f6nigreichs und des Europ\u00e4ischen Wirtschaftsraums (EWR) gespeichert, verarbeitet und dorthin \u00fcbermittelt werden. Dies kann zum Beispiel der Fall sein, wenn sich unsere Server in einem Land au\u00dferhalb des Vereinigten K\u00f6nigreichs oder des EWR befinden oder einer unserer Dienstleister in einem Land au\u00dferhalb des Vereinigten K\u00f6nigreichs oder des EWR ans\u00e4ssig ist.<\/span><\/p><p><span style=\"font-weight: 400;\">Wir werden Daten nur dann au\u00dferhalb des Vereinigten K\u00f6nigreichs oder des EWR \u00fcbermitteln, wenn dies mit den Datenschutzgesetzen vereinbar ist. Zudem achten wir darauf, dass die Art der \u00dcbermittlung angemessene Sicherheitsgarantien in Bezug auf Ihre Daten bietet, z. B. durch eine Daten\u00fcbertragungsvereinbarung, die die von der Europ\u00e4ischen Kommission verabschiedeten aktuellen Standardvertragsklauseln enth\u00e4lt.<\/span><\/p>\t\t\t\t\t\t<\/div>\n\t\t\t\t<\/div>\n\t\t\t\t<div class=\"elementor-element elementor-element-ab9ad84 elementor-widget elementor-widget-text-editor\" data-id=\"ab9ad84\" data-element_type=\"widget\" data-widget_type=\"text-editor.default\">\n\t\t\t\t<div class=\"elementor-widget-container\">\n\t\t\t\t\t\t\t<p><b>Cookies<\/b><\/p><p><span style=\"font-weight: 400;\">Diese Webseite kann analytische\/funktionelle Cookies von Google Analytics auf Ihrem Computer ablegen. Diese erm\u00f6glichen es uns, die Anzahl der Besucher*innen zu registrieren und zu sehen, wie sich diese w\u00e4hrend der Nutzung auf unserer Webseite bewegen. Dies hilft uns, die Funktionsweise unserer Webseite zu verbessern, indem wir zum Beispiel sicherstellen, dass die Nutzer*innen leicht finden, wonach sie suchen.\u00a0<\/span><\/p><p><span style=\"font-weight: 400;\">Alle von dieser Webseite verwendeten Cookies werden in \u00dcbereinstimmung mit dem geltenden britischen und EU-Cookie-Gesetz verwendet. Bevor die Webseite Cookies auf Ihrem Computer ablegt, werden Sie in einem Mitteilungsfenster um Ihre Zustimmung zum Setzen dieser Cookies gebeten. Indem Sie der Verwendung von Cookies zustimmen, erm\u00f6glichen Sie der Universit\u00e4t Cambridge, Ihnen eine bessere Nutzungserfahrung und einen besseren Service zu bieten. Wenn Sie m\u00f6chten, k\u00f6nnen Sie Ihre Zustimmung zum Setzen von Cookies verweigern.\u00a0<\/span><\/p><p><span style=\"font-weight: 400;\">Sie k\u00f6nnen Cookies in Ihrem Internet-Browser aktivieren oder deaktivieren. Standardm\u00e4\u00dfig akzeptieren die meisten Internetbrowser Cookies, das kann aber ge\u00e4ndert werden. Weitere Einzelheiten finden Sie im Hilfemen\u00fc Ihres Internetbrowsers. Sie k\u00f6nnen Cookies jederzeit ausschalten oder l\u00f6schen.<\/span><\/p><p><span style=\"font-weight: 400;\">Weitere Informationen \u00fcber Cookies im Allgemeinen und wie Sie diese deaktivieren k\u00f6nnen, finden Sie unter aboutcookies.org. Dort erhalten Sie auch Informationen, wie Sie Cookies von Ihrem Computer l\u00f6schen k\u00f6nnen.<\/span><\/p>\t\t\t\t\t\t<\/div>\n\t\t\t\t<\/div>\n\t\t\t\t<div class=\"elementor-element elementor-element-599d067 elementor-widget elementor-widget-text-editor\" data-id=\"599d067\" data-element_type=\"widget\" data-widget_type=\"text-editor.default\">\n\t\t\t\t<div class=\"elementor-widget-container\">\n\t\t\t\t\t\t\t<p><b>\u00c4nderungen der Datenschutzrichtlinie<\/b><\/p><p><span style=\"font-weight: 400;\">Alle \u00c4nderungen, die wir in Zukunft an unserer Datenschutzrichtlinie vornehmen, werden auf dieser Seite ver\u00f6ffentlicht und Ihnen gegebenenfalls auf der Webseite direkt mitgeteilt. Bitte besuchen Sie diese Seite regelm\u00e4\u00dfig, um sich \u00fcber Aktualisierungen oder \u00c4nderungen unserer Datenschutzrichtlinie zu informieren.<\/span><\/p><p><span style=\"font-weight: 400;\">Diese Datenschutzrichtlinie wurde am 14. September 2022 aktualisiert.<\/span><\/p>\t\t\t\t\t\t<\/div>\n\t\t\t\t<\/div>\n\t\t\t\t<div class=\"elementor-element elementor-element-670c325 elementor-widget elementor-widget-text-editor\" data-id=\"670c325\" data-element_type=\"widget\" data-widget_type=\"text-editor.default\">\n\t\t\t\t<div class=\"elementor-widget-container\">\n\t\t\t\t\t\t\t<p><b>Kontakt<\/b><\/p><p><span style=\"font-weight: 400;\">Bitte richten Sie alle Fragen, Kommentare und Anfragen zu dieser Datenschutzrichtlinie an <\/span><span style=\"font-weight: 400;\">Sander<\/span><span style=\"font-weight: 400;\"> van der Linden (<a href=\"mailto:sv395@cam.ac.uk\">sv395@cam.ac.uk<\/a>), Department of Psychology, University of Cambridge, Downing Street Cambridge, CB2 3EB.<\/span><\/p><p><span style=\"font-weight: 400;\">Den Datenschutzbeauftragten der Universit\u00e4t erreichen Sie unter <a href=\"mailto:dpo@admin.cam.ac.uk\">dpo@admin.cam.ac.uk<\/a><\/span><\/p>\t\t\t\t\t\t<\/div>\n\t\t\t\t<\/div>\n\t\t\t\t<div class=\"elementor-element elementor-element-1877a96 animated-fast elementor-invisible elementor-widget elementor-widget-heading\" data-id=\"1877a96\" data-element_type=\"widget\" data-settings=\"{&quot;_animation&quot;:&quot;fadeIn&quot;}\" data-widget_type=\"heading.default\">\n\t\t\t\t<div class=\"elementor-widget-container\">\n\t\t\t<h1 class=\"elementor-heading-title elementor-size-default\">IHRE COOKIE-EINSTELLUNGEN<\/h1>\t\t<\/div>\n\t\t\t\t<\/div>\n\t\t\t\t<div class=\"elementor-element elementor-element-8aa57bf elementor-widget elementor-widget-text-editor\" data-id=\"8aa57bf\" data-element_type=\"widget\" data-widget_type=\"text-editor.default\">\n\t\t\t\t<div class=\"elementor-widget-container\">\n\t\t\t\t\t\t\t<p><span style=\"font-family: var( --e-global-typography-text-font-family ), Sans-serif; font-weight: var( --e-global-typography-text-font-weight ); background-color: var( --e-global-color-2b653ef );\">In der nachfolgenden Tabelle finden Sie eine Liste der aktiven Cookies auf dieser Webseite zusammen mit<\/span><span style=\"background-color: var( --e-global-color-2b653ef ); font-family: var( --e-global-typography-text-font-family ), Sans-serif; font-weight: var( --e-global-typography-text-font-weight ); color: var( --e-global-color-a8e230f );\">&nbsp;dem Status Ihrer Cookie-Zustimmung.<\/span><\/p>\t\t\t\t\t\t<\/div>\n\t\t\t\t<\/div>\n\t\t\t\t<div class=\"elementor-element elementor-element-f404aef elementor-widget elementor-widget-text-editor\" data-id=\"f404aef\" data-element_type=\"widget\" data-widget_type=\"text-editor.default\">\n\t\t\t\t<div class=\"elementor-widget-container\">\n\t\t\t\t\t\t\t<p><br \/><script id=\"CookieDeclaration\" src=\"https:\/\/consent.cookiebot.com\/0083fada-0425-4faa-95b0-901b54513136\/cd.js\" type=\"text\/javascript\" async><\/script><\/p>\t\t\t\t\t\t<\/div>\n\t\t\t\t<\/div>\n\t\t\t\t\t<\/div>\n\t\t<\/div>\n\t\t\t\t\t\t\t<\/div>\n\t\t<\/section>\n\t\t\t\t\t\t\t<\/div>","protected":false},"excerpt":{"rendered":"<p>Privacy Policy \u201cJITSUVAX\u201d and the University of Cambridge (we, us or our) are committed to protecting and respecting your privacy in accordance with the applicable data protection legislation. This policy sets out the basis on which any personal data we collect from you, or that you provide to us, will be processed by us.\u00a0 Please [&hellip;]<\/p>","protected":false},"author":1,"featured_media":0,"parent":0,"menu_order":0,"comment_status":"closed","ping_status":"closed","template":"","meta":{"footnotes":""},"class_list":["post-3228","page","type-page","status-publish","hentry"],"acf":[],"yoast_head":"<!-- This site is optimized with the Yoast SEO plugin v19.2 - https:\/\/yoast.com\/wordpress\/plugins\/seo\/ -->\n<title>Privacy Policy - JITSUVAX<\/title>\n<meta name=\"robots\" content=\"index, follow, max-snippet:-1, max-image-preview:large, max-video-preview:-1\" \/>\n<link rel=\"canonical\" href=\"https:\/\/jitsuvax.info\/de\/privacy-policy\/\" \/>\n<meta property=\"og:locale\" content=\"de_DE\" \/>\n<meta property=\"og:type\" content=\"article\" \/>\n<meta property=\"og:title\" content=\"Privacy Policy - JITSUVAX\" \/>\n<meta property=\"og:description\" content=\"Privacy Policy \u201cJITSUVAX\u201d and the University of Cambridge (we, us or our) are committed to protecting and respecting your privacy in accordance with the applicable data protection legislation. This policy sets out the basis on which any personal data we collect from you, or that you provide to us, will be processed by us.\u00a0 Please [&hellip;]\" \/>\n<meta property=\"og:url\" content=\"https:\/\/jitsuvax.info\/de\/privacy-policy\/\" \/>\n<meta property=\"og:site_name\" content=\"JITSUVAX\" \/>\n<meta property=\"article:modified_time\" content=\"2023-04-05T17:39:13+00:00\" \/>\n<meta name=\"author\" content=\"admin-syl\" \/>\n<meta name=\"twitter:card\" content=\"summary_large_image\" \/>\n<meta name=\"twitter:label1\" content=\"Gesch\u00e4tzte Lesezeit\" \/>\n\t<meta name=\"twitter:data1\" content=\"7\u00a0Minuten\" \/>\n<script type=\"application\/ld+json\" class=\"yoast-schema-graph\">{\"@context\":\"https:\/\/schema.org\",\"@graph\":[{\"@type\":\"Organization\",\"@id\":\"https:\/\/jitsuvax.info\/#organization\",\"name\":\"Jitsuvax\",\"url\":\"https:\/\/jitsuvax.info\/\",\"sameAs\":[],\"logo\":{\"@type\":\"ImageObject\",\"inLanguage\":\"de\",\"@id\":\"https:\/\/jitsuvax.info\/#\/schema\/logo\/image\/\",\"url\":\"https:\/\/jitsuvax.info\/wp-content\/uploads\/2021\/10\/jitsuvax-logo-colourtransparent.png\",\"contentUrl\":\"https:\/\/jitsuvax.info\/wp-content\/uploads\/2021\/10\/jitsuvax-logo-colourtransparent.png\",\"width\":904,\"height\":380,\"caption\":\"Jitsuvax\"},\"image\":{\"@id\":\"https:\/\/jitsuvax.info\/#\/schema\/logo\/image\/\"}},{\"@type\":\"WebSite\",\"@id\":\"https:\/\/jitsuvax.info\/#website\",\"url\":\"https:\/\/jitsuvax.info\/\",\"name\":\"JITSUVAX\",\"description\":\"Vaccinating against misconceptions to protect global public health\",\"publisher\":{\"@id\":\"https:\/\/jitsuvax.info\/#organization\"},\"potentialAction\":[{\"@type\":\"SearchAction\",\"target\":{\"@type\":\"EntryPoint\",\"urlTemplate\":\"https:\/\/jitsuvax.info\/?s={search_term_string}\"},\"query-input\":\"required name=search_term_string\"}],\"inLanguage\":\"de\"},{\"@type\":\"WebPage\",\"@id\":\"https:\/\/jitsuvax.info\/privacy-policy\/#webpage\",\"url\":\"https:\/\/jitsuvax.info\/privacy-policy\/\",\"name\":\"Privacy Policy - JITSUVAX\",\"isPartOf\":{\"@id\":\"https:\/\/jitsuvax.info\/#website\"},\"datePublished\":\"2022-09-19T12:15:32+00:00\",\"dateModified\":\"2023-04-05T17:39:13+00:00\",\"breadcrumb\":{\"@id\":\"https:\/\/jitsuvax.info\/privacy-policy\/#breadcrumb\"},\"inLanguage\":\"de\",\"potentialAction\":[{\"@type\":\"ReadAction\",\"target\":[\"https:\/\/jitsuvax.info\/privacy-policy\/\"]}]},{\"@type\":\"BreadcrumbList\",\"@id\":\"https:\/\/jitsuvax.info\/privacy-policy\/#breadcrumb\",\"itemListElement\":[{\"@type\":\"ListItem\",\"position\":1,\"name\":\"Home\",\"item\":\"https:\/\/jitsuvax.info\/\"},{\"@type\":\"ListItem\",\"position\":2,\"name\":\"Privacy Policy\"}]}]}<\/script>\n<!-- \/ Yoast SEO plugin. -->","yoast_head_json":{"title":"Privacy Policy - JITSUVAX","robots":{"index":"index","follow":"follow","max-snippet":"max-snippet:-1","max-image-preview":"max-image-preview:large","max-video-preview":"max-video-preview:-1"},"canonical":"https:\/\/jitsuvax.info\/de\/privacy-policy\/","og_locale":"de_DE","og_type":"article","og_title":"Privacy Policy - JITSUVAX","og_description":"Privacy Policy \u201cJITSUVAX\u201d and the University of Cambridge (we, us or our) are committed to protecting and respecting your privacy in accordance with the applicable data protection legislation. This policy sets out the basis on which any personal data we collect from you, or that you provide to us, will be processed by us.\u00a0 Please [&hellip;]","og_url":"https:\/\/jitsuvax.info\/de\/privacy-policy\/","og_site_name":"JITSUVAX","article_modified_time":"2023-04-05T17:39:13+00:00","author":"admin-syl","twitter_card":"summary_large_image","twitter_misc":{"Gesch\u00e4tzte Lesezeit":"7\u00a0Minuten"},"schema":{"@context":"https:\/\/schema.org","@graph":[{"@type":"Organization","@id":"https:\/\/jitsuvax.info\/#organization","name":"Jitsuvax","url":"https:\/\/jitsuvax.info\/","sameAs":[],"logo":{"@type":"ImageObject","inLanguage":"de","@id":"https:\/\/jitsuvax.info\/#\/schema\/logo\/image\/","url":"https:\/\/jitsuvax.info\/wp-content\/uploads\/2021\/10\/jitsuvax-logo-colourtransparent.png","contentUrl":"https:\/\/jitsuvax.info\/wp-content\/uploads\/2021\/10\/jitsuvax-logo-colourtransparent.png","width":904,"height":380,"caption":"Jitsuvax"},"image":{"@id":"https:\/\/jitsuvax.info\/#\/schema\/logo\/image\/"}},{"@type":"WebSite","@id":"https:\/\/jitsuvax.info\/#website","url":"https:\/\/jitsuvax.info\/","name":"JITSUVAX","description":"Vaccinating against misconceptions to protect global public health","publisher":{"@id":"https:\/\/jitsuvax.info\/#organization"},"potentialAction":[{"@type":"SearchAction","target":{"@type":"EntryPoint","urlTemplate":"https:\/\/jitsuvax.info\/?s={search_term_string}"},"query-input":"required name=search_term_string"}],"inLanguage":"de"},{"@type":"WebPage","@id":"https:\/\/jitsuvax.info\/privacy-policy\/#webpage","url":"https:\/\/jitsuvax.info\/privacy-policy\/","name":"Privacy Policy - JITSUVAX","isPartOf":{"@id":"https:\/\/jitsuvax.info\/#website"},"datePublished":"2022-09-19T12:15:32+00:00","dateModified":"2023-04-05T17:39:13+00:00","breadcrumb":{"@id":"https:\/\/jitsuvax.info\/privacy-policy\/#breadcrumb"},"inLanguage":"de","potentialAction":[{"@type":"ReadAction","target":["https:\/\/jitsuvax.info\/privacy-policy\/"]}]},{"@type":"BreadcrumbList","@id":"https:\/\/jitsuvax.info\/privacy-policy\/#breadcrumb","itemListElement":[{"@type":"ListItem","position":1,"name":"Home","item":"https:\/\/jitsuvax.info\/"},{"@type":"ListItem","position":2,"name":"Privacy Policy"}]}]}},"_links":{"self":[{"href":"https:\/\/jitsuvax.info\/de\/wp-json\/wp\/v2\/pages\/3228","targetHints":{"allow":["GET"]}}],"collection":[{"href":"https:\/\/jitsuvax.info\/de\/wp-json\/wp\/v2\/pages"}],"about":[{"href":"https:\/\/jitsuvax.info\/de\/wp-json\/wp\/v2\/types\/page"}],"author":[{"embeddable":true,"href":"https:\/\/jitsuvax.info\/de\/wp-json\/wp\/v2\/users\/1"}],"replies":[{"embeddable":true,"href":"https:\/\/jitsuvax.info\/de\/wp-json\/wp\/v2\/comments?post=3228"}],"version-history":[{"count":22,"href":"https:\/\/jitsuvax.info\/de\/wp-json\/wp\/v2\/pages\/3228\/revisions"}],"predecessor-version":[{"id":3433,"href":"https:\/\/jitsuvax.info\/de\/wp-json\/wp\/v2\/pages\/3228\/revisions\/3433"}],"wp:attachment":[{"href":"https:\/\/jitsuvax.info\/de\/wp-json\/wp\/v2\/media?parent=3228"}],"curies":[{"name":"wp","href":"https:\/\/api.w.org\/{rel}","templated":true}]}}