{"id":3228,"date":"2022-09-19T12:15:32","date_gmt":"2022-09-19T12:15:32","guid":{"rendered":"https:\/\/jitsuvax.info\/?page_id=3228"},"modified":"2023-04-05T17:39:13","modified_gmt":"2023-04-05T17:39:13","slug":"privacy-policy","status":"publish","type":"page","link":"https:\/\/jitsuvax.info\/es\/privacy-policy\/","title":{"rendered":"POL\u00cdTICA DE PRIVACIDAD"},"content":{"rendered":"<div data-elementor-type=\"wp-page\" data-elementor-id=\"3228\" class=\"elementor elementor-3228\">\n\t\t\t\t\t\t\t\t\t<section data-particle_enable=\"false\" data-particle-mobile-disabled=\"false\" class=\"elementor-section elementor-top-section elementor-element elementor-element-7010770c elementor-section-boxed elementor-section-height-default elementor-section-height-default\" data-id=\"7010770c\" data-element_type=\"section\" data-settings=\"{&quot;background_background&quot;:&quot;classic&quot;}\">\n\t\t\t\t\t\t<div class=\"elementor-container elementor-column-gap-default\">\n\t\t\t\t\t<div class=\"elementor-column elementor-col-100 elementor-top-column elementor-element elementor-element-b52fe35\" data-id=\"b52fe35\" data-element_type=\"column\">\n\t\t\t<div class=\"elementor-widget-wrap elementor-element-populated\">\n\t\t\t\t\t\t\t\t<div class=\"elementor-element elementor-element-8ed8db9 animated-fast elementor-invisible elementor-widget elementor-widget-heading\" data-id=\"8ed8db9\" data-element_type=\"widget\" data-settings=\"{&quot;_animation&quot;:&quot;fadeIn&quot;}\" data-widget_type=\"heading.default\">\n\t\t\t\t<div class=\"elementor-widget-container\">\n\t\t\t<style>\/*! elementor - v3.6.6 - 08-06-2022 *\/\n.elementor-heading-title{padding:0;margin:0;line-height:1}.elementor-widget-heading .elementor-heading-title[class*=elementor-size-]>a{color:inherit;font-size:inherit;line-height:inherit}.elementor-widget-heading .elementor-heading-title.elementor-size-small{font-size:15px}.elementor-widget-heading .elementor-heading-title.elementor-size-medium{font-size:19px}.elementor-widget-heading .elementor-heading-title.elementor-size-large{font-size:29px}.elementor-widget-heading .elementor-heading-title.elementor-size-xl{font-size:39px}.elementor-widget-heading .elementor-heading-title.elementor-size-xxl{font-size:59px}<\/style><h1 class=\"elementor-heading-title elementor-size-default\">POL\u00cdTICA DE PRIVACIDAD<\/h1>\t\t<\/div>\n\t\t\t\t<\/div>\n\t\t\t\t<div class=\"elementor-element elementor-element-77e2cb8 elementor-widget elementor-widget-text-editor\" data-id=\"77e2cb8\" data-element_type=\"widget\" data-widget_type=\"text-editor.default\">\n\t\t\t\t<div class=\"elementor-widget-container\">\n\t\t\t<style>\/*! elementor - v3.6.6 - 08-06-2022 *\/\n.elementor-widget-text-editor.elementor-drop-cap-view-stacked .elementor-drop-cap{background-color:#818a91;color:#fff}.elementor-widget-text-editor.elementor-drop-cap-view-framed .elementor-drop-cap{color:#818a91;border:3px solid;background-color:transparent}.elementor-widget-text-editor:not(.elementor-drop-cap-view-default) .elementor-drop-cap{margin-top:8px}.elementor-widget-text-editor:not(.elementor-drop-cap-view-default) .elementor-drop-cap-letter{width:1em;height:1em}.elementor-widget-text-editor .elementor-drop-cap{float:left;text-align:center;line-height:1;font-size:50px}.elementor-widget-text-editor .elementor-drop-cap-letter{display:inline-block}<\/style>\t\t\t\t<p><span style=\"font-weight: 400;\">\"JITSUVAX\" y la Universidad de Cambridge (nosotros o nuestro) se comprometen a proteger y respetar su privacidad de conformidad con la legislaci\u00f3n aplicable en materia de protecci\u00f3n de datos.<\/span><\/p><p><span style=\"font-weight: 400;\">Estas pol\u00edticas determinan las directrices con las cuales trataremos los datos personales que recopilemos sobre usted o que usted nos facilite. Le rogamos que lea atentamente lo siguiente para comprender nuestros puntos de vista y pr\u00e1cticas en relaci\u00f3n con sus datos personales y c\u00f3mo ser\u00e1n tratados.\u00a0<\/span><\/p>\t\t\t\t\t\t<\/div>\n\t\t\t\t<\/div>\n\t\t\t\t<div class=\"elementor-element elementor-element-eb0f279 elementor-widget elementor-widget-text-editor\" data-id=\"eb0f279\" data-element_type=\"widget\" data-widget_type=\"text-editor.default\">\n\t\t\t\t<div class=\"elementor-widget-container\">\n\t\t\t\t\t\t\t<p><b>Definiciones<\/b><\/p><p><span style=\"font-weight: 400;\">Datos: colectivamente, toda la informaci\u00f3n que env\u00ede a la Universidad de Cambridge a trav\u00e9s del sitio web. Esta definici\u00f3n incorpora, en su caso, las definiciones previstas en las leyes de protecci\u00f3n de datos.<\/span><\/p><p><span style=\"font-weight: 400;\">Cookies: un peque\u00f1o archivo de texto colocado en su ordenador por este sitio web cuando visite ciertas partes del sitio web y\/o cuando utiliza ciertas funciones del sitio web. Los detalles de las cookies utilizadas por este sitio web se establecen en la cl\u00e1usula Cookies.<\/span><\/p><p><span style=\"font-weight: 400;\">Leyes de protecci\u00f3n de datos: cualquier ley aplicable en relaci\u00f3n con el procesamiento de datos personales, incluido, entre otros, el GDPR, y cualquier ley nacional de implementaci\u00f3n y complementaria, reglamentos y legislaci\u00f3n secundaria.<\/span><\/p><p><span style=\"font-weight: 400;\">Ley de cookies del Reino Unido y de la UE: el Reglamento de Privacidad y Comunicaciones Electr\u00f3nicas (directiva CE) de 2003, modificado por el Reglamento de Privacidad y Comunicaciones Electr\u00f3nicas (directiva CE, enmienda) de 2011 y el Reglamento de Privacidad y Comunicaciones Electr\u00f3nicas (directiva CE, enmienda) de 2018.<\/span><\/p><p><span style=\"font-weight: 400;\">Sitio web: el sitio web que est\u00e1 utilizando actualmente, www.jitsuvax.info, y cualquier subdominio de este sitio.\u00a0<\/span><\/p>\t\t\t\t\t\t<\/div>\n\t\t\t\t<\/div>\n\t\t\t\t<div class=\"elementor-element elementor-element-2760c22 elementor-widget elementor-widget-text-editor\" data-id=\"2760c22\" data-element_type=\"widget\" data-widget_type=\"text-editor.default\">\n\t\t\t\t<div class=\"elementor-widget-container\">\n\t\t\t\t\t\t\t<p><b>Declaraci\u00f3n GDPR<\/b><\/p><p><span style=\"font-weight: 400;\">A efectos de la legislaci\u00f3n sobre protecci\u00f3n de datos, el responsable del tratamiento es la Universidad de Cambridge. La base jur\u00eddica para utilizar sus datos personales reside en llevar a cabo una tarea de inter\u00e9s p\u00fablico (es decir, investigaci\u00f3n acad\u00e9mica y compromiso con las partes interesadas y el p\u00fablico).<\/span><\/p><p><span style=\"font-weight: 400;\">Env\u00ede cualquier consulta sobre esta pol\u00edtica de privacidad a <\/span><span style=\"font-weight: 400;\">Sander<\/span><span style=\"font-weight: 400;\"> van der Linden (sv395@cam.ac.uk).<\/span><\/p><p><span style=\"font-weight: 400;\">Tambi\u00e9n puede ponerse en contacto con el responsable de protecci\u00f3n de datos de la Universidad de Cambridge en\u00a0<\/span><a href=\"mailto:dpo@admin.cam.ac.uk\"><span style=\"font-weight: 400;\">dpo@admin.cam.ac.uk<\/span><\/a><span style=\"font-weight: 400;\">.\u00a0<\/span><\/p>\t\t\t\t\t\t<\/div>\n\t\t\t\t<\/div>\n\t\t\t\t<div class=\"elementor-element elementor-element-e1fcb9b elementor-widget elementor-widget-text-editor\" data-id=\"e1fcb9b\" data-element_type=\"widget\" data-widget_type=\"text-editor.default\">\n\t\t\t\t<div class=\"elementor-widget-container\">\n\t\t\t\t\t\t\t<p><b>Datos recogidos<\/b><\/p><p><span style=\"font-weight: 400;\">Podemos recopilar datos sobre usted, tal y como se describe en el sitio web de Google Analytics <\/span><a href=\"\/es\/(https:\/\/policies.google.com\/privacy)\/\"><span style=\"font-weight: 400;\">(https:\/\/policies.google.com\/privacy)<\/span><\/a><span style=\"font-weight: 400;\"> de conformidad con la presente pol\u00edtica de privacidad. Esta informaci\u00f3n nos ayuda a mejorar el contenido y la navegaci\u00f3n del sitio web, e incluye su direcci\u00f3n IP, la fecha, hora y frecuencia de acceso al sitio web y la forma en que utiliza e interact\u00faa con su contenido.<\/span><\/p><p><span style=\"font-weight: 400;\">Recopilaremos sus datos autom\u00e1ticamente a trav\u00e9s de cookies, de acuerdo con la configuraci\u00f3n de cookies de su navegador. Para m\u00e1s informaci\u00f3n sobre las cookies y c\u00f3mo son utilizados en este sitio web, consulte la secci\u00f3n \"Cookies\".<\/span><\/p>\t\t\t\t\t\t<\/div>\n\t\t\t\t<\/div>\n\t\t\t\t<div class=\"elementor-element elementor-element-7962334 elementor-widget elementor-widget-text-editor\" data-id=\"7962334\" data-element_type=\"widget\" data-widget_type=\"text-editor.default\">\n\t\t\t\t<div class=\"elementor-widget-container\">\n\t\t\t\t\t\t\t<p><b>\u00bfCon qui\u00e9n compartimos los datos?<\/b><\/p><p><span style=\"font-weight: 400;\">Podemos compartir sus datos con nuestros empleados, agentes y\/o asesores profesionales a fin de realizar un seguimiento del uso del sitio de acuerdo con esta pol\u00edtica de privacidad.<\/span><\/p>\t\t\t\t\t\t<\/div>\n\t\t\t\t<\/div>\n\t\t\t\t<div class=\"elementor-element elementor-element-d3a7ae1 elementor-widget elementor-widget-text-editor\" data-id=\"d3a7ae1\" data-element_type=\"widget\" data-widget_type=\"text-editor.default\">\n\t\t\t\t<div class=\"elementor-widget-container\">\n\t\t\t\t\t\t\t<p><b>\u00bfD\u00f3nde almacenamos sus datos personales?<\/b><\/p><p><span style=\"font-weight: 400;\">Toda la informaci\u00f3n que nos facilite ser\u00e1 almacenada en servidores seguros ubicados tanto en el Espacio Econ\u00f3mico Europeo (EEE) como en procesadores de datos internacionales que cumplen la GDPR. Cuando se utilicen procesadores de datos internacionales, se aplicar\u00e1n todas las medidas de seguridad t\u00e9cnicas y jur\u00eddicas adecuadas para garantizar que se le ofrece el mismo nivel de protecci\u00f3n que dentro del EEE.<\/span><\/p><p><span style=\"font-weight: 400;\">Una vez que hayamos recibido su informaci\u00f3n, utilizaremos procedimientos estrictos y elementos de seguridad para tratar de impedir el acceso no autorizado. Conservamos la informaci\u00f3n personal durante el tiempo que sea necesario o est\u00e9 permitido en funci\u00f3n de la finalidad para la que se obtuvo y de conformidad con la legislaci\u00f3n aplicable.<\/span><\/p>\t\t\t\t\t\t<\/div>\n\t\t\t\t<\/div>\n\t\t\t\t<div class=\"elementor-element elementor-element-9dee51f elementor-widget elementor-widget-text-editor\" data-id=\"9dee51f\" data-element_type=\"widget\" data-widget_type=\"text-editor.default\">\n\t\t\t\t<div class=\"elementor-widget-container\">\n\t\t\t\t\t\t\t<p><b>Sus derechos<\/b><\/p><p><span style=\"font-weight: 400;\">La legislaci\u00f3n sobre protecci\u00f3n de datos le otorga una serie de derechos en relaci\u00f3n con su informaci\u00f3n personal, incluido, entre otros, el derecho a acceder a la informaci\u00f3n que tenemos sobre usted. Para conocer sus derechos y saber c\u00f3mo ejercerlos, consulte nuestra p\u00e1gina general sobre privacidad: <\/span><a href=\"https:\/\/www.information-compliance.admin.cam.ac.uk\/data-protection\"><span style=\"font-weight: 400;\">https:\/\/www.information-compliance.admin.cam.ac.uk\/data-protection<\/span><\/a><\/p><p><span style=\"font-weight: 400;\">El sitio web puede contener enlaces hacia y desde otros sitios web. Si usted sigue un enlace a cualquiera de estos sitios web, tenga en cuenta que estos sitios web tienen sus propias pol\u00edticas de privacidad y que no aceptamos ninguna responsabilidad u obligaci\u00f3n por estas pol\u00edticas. Por favor, compruebe estas pol\u00edticas antes de enviar cualquier dato personal a estos sitios web.<\/span><\/p>\t\t\t\t\t\t<\/div>\n\t\t\t\t<\/div>\n\t\t\t\t<div class=\"elementor-element elementor-element-49b882e elementor-widget elementor-widget-text-editor\" data-id=\"49b882e\" data-element_type=\"widget\" data-widget_type=\"text-editor.default\">\n\t\t\t\t<div class=\"elementor-widget-container\">\n\t\t\t\t\t\t\t<p><b>Transferencias fuera del Reino Unido y del Espacio Econ\u00f3mico Europeo<\/b><\/p><p><span style=\"font-weight: 400;\">Los datos que recabamos sobre usted pueden ser almacenados y procesados en pa\u00edses fuera del Reino Unido y del EEE, y transferidos a ellos. Por ejemplo, esto podr\u00eda ocurrir si nuestros servidores est\u00e1n situados en un pa\u00eds fuera del Reino Unido o del EEE, o en caso de que uno de nuestros proveedores de servicios est\u00e9 situado en un pa\u00eds fuera del Reino Unido o del EEE.<\/span><\/p><p><span style=\"font-weight: 400;\">S\u00f3lo transferiremos datos fuera del Reino Unido o del EEE cuando se cumpla la legislaci\u00f3n sobre protecci\u00f3n de datos y el medio de transferencia ofrezca garant\u00edas adecuadas en relaci\u00f3n con sus datos. Por ejemplo, mediante un acuerdo de transferencia de datos que incorpore las cl\u00e1usulas contractuales vigentes adoptadas por la Comisi\u00f3n Europea.<\/span><\/p>\t\t\t\t\t\t<\/div>\n\t\t\t\t<\/div>\n\t\t\t\t<div class=\"elementor-element elementor-element-ab9ad84 elementor-widget elementor-widget-text-editor\" data-id=\"ab9ad84\" data-element_type=\"widget\" data-widget_type=\"text-editor.default\">\n\t\t\t\t<div class=\"elementor-widget-container\">\n\t\t\t\t\t\t\t<p><b>Cookies<\/b><\/p><p><span style=\"font-weight: 400;\">Este sitio web puede situar cookies anal\u00edticas\/de rendimiento de Google Analytics. Estas cookies nos permiten reconocer y contar el n\u00famero de visitantes y observar c\u00f3mo navegan por nuestro sitio web cuando hacen uso del mismo. Esto nos ayuda a mejorar el funcionamiento de nuestro sitio web, por ejemplo, asegur\u00e1ndonos de que los usuarios encuentran f\u00e1cilmente lo que buscan.\u00a0<\/span><\/p><p><span style=\"font-weight: 400;\">Todas las cookies utilizadas por este sitio web se utilizan de conformidad con la legislaci\u00f3n vigente sobre cookies del Reino Unido y de la UE. Antes de que el sitio web instale cookies en su ordenador, se le mostrar\u00e1 una barra de mensajes solicitando su consentimiento para instalar dichas cookies. Al dar su consentimiento para la instalaci\u00f3n de cookies, est\u00e1 permitiendo que la Universidad de Cambridge le proporcione una mejor experiencia y servicio. Si lo desea, puede negar su consentimiento a la instalaci\u00f3n de cookies.\u00a0<\/span><\/p><p><span style=\"font-weight: 400;\">Puede activar o desactivar las cookies en su navegador de internet. Por defecto, la mayor\u00eda de los navegadores aceptan cookies, pero esto puede cambiarse. Para m\u00e1s informaci\u00f3n, consulte el men\u00fa de ayuda de su navegador. Puede desactivar o eliminar las cookies en cualquier momento.<\/span><\/p><p><span style=\"font-weight: 400;\">Para m\u00e1s informaci\u00f3n general sobre las cookies, incluido c\u00f3mo desactivarlas, consulte aboutcookies.org. Tambi\u00e9n encontrar\u00e1 informaci\u00f3n detallada sobre c\u00f3mo eliminar las cookies de su ordenador.<\/span><\/p>\t\t\t\t\t\t<\/div>\n\t\t\t\t<\/div>\n\t\t\t\t<div class=\"elementor-element elementor-element-599d067 elementor-widget elementor-widget-text-editor\" data-id=\"599d067\" data-element_type=\"widget\" data-widget_type=\"text-editor.default\">\n\t\t\t\t<div class=\"elementor-widget-container\">\n\t\t\t\t\t\t\t<p><b>Cambios en la pol\u00edtica de privacidad<\/b><\/p><p><span style=\"font-weight: 400;\">Cualquier cambio que podamos introducir en nuestra pol\u00edtica de privacidad en el futuro se publicar\u00e1 en esta p\u00e1gina y, en su caso, se le notificar\u00e1 en el propio sitio web. Vis\u00edtenos con frecuencia para conocer las actualizaciones o modificaciones de nuestra pol\u00edtica de privacidad.<\/span><\/p><p><span style=\"font-weight: 400;\">Esta pol\u00edtica de privacidad se actualiz\u00f3 el 14 de septiembre de 2022.<\/span><\/p>\t\t\t\t\t\t<\/div>\n\t\t\t\t<\/div>\n\t\t\t\t<div class=\"elementor-element elementor-element-670c325 elementor-widget elementor-widget-text-editor\" data-id=\"670c325\" data-element_type=\"widget\" data-widget_type=\"text-editor.default\">\n\t\t\t\t<div class=\"elementor-widget-container\">\n\t\t\t\t\t\t\t<p><b>Contacto<\/b><\/p><p><span style=\"font-weight: 400;\">Cualquier pregunta, comentario o solicitud relacionados con esta pol\u00edtica de privacidad ser\u00e1n bienvenidos y deber\u00e1n dirigirse a <\/span><span style=\"font-weight: 400;\">Sander<\/span><span style=\"font-weight: 400;\"> van der Linden (<a href=\"mailto:sv395@cam.ac.uk\">sv395@cam.ac.uk<\/a>, Department of Psychology, University of Cambridge, Downing Street Cambridge, CB2 3EB).<\/span><\/p><p><span style=\"font-weight: 400;\">Tambi\u00e9n puede ponerse en contacto con el responsable de protecci\u00f3n de datos de la Universidad de Cambridge escribiendo a <a href=\"mailto:dpo@admin.cam.ac.uk\">dpo@admin.cam.ac.uk<\/a><\/span><\/p>\t\t\t\t\t\t<\/div>\n\t\t\t\t<\/div>\n\t\t\t\t<div class=\"elementor-element elementor-element-1877a96 animated-fast elementor-invisible elementor-widget elementor-widget-heading\" data-id=\"1877a96\" data-element_type=\"widget\" data-settings=\"{&quot;_animation&quot;:&quot;fadeIn&quot;}\" data-widget_type=\"heading.default\">\n\t\t\t\t<div class=\"elementor-widget-container\">\n\t\t\t<h1 class=\"elementor-heading-title elementor-size-default\">DECLARACI\u00d3N DE COOKIES<\/h1>\t\t<\/div>\n\t\t\t\t<\/div>\n\t\t\t\t<div class=\"elementor-element elementor-element-8aa57bf elementor-widget elementor-widget-text-editor\" data-id=\"8aa57bf\" data-element_type=\"widget\" data-widget_type=\"text-editor.default\">\n\t\t\t\t<div class=\"elementor-widget-container\">\n\t\t\t\t\t\t\t<p><span style=\"font-family: var( --e-global-typography-text-font-family ), Sans-serif; font-weight: var( --e-global-typography-text-font-weight ); background-color: var( --e-global-color-2b653ef );\">En la siguiente tabla encontrar\u00e1 una lista de las cookies activas en este sitio web junto con<\/span><span style=\"background-color: var( --e-global-color-2b653ef ); font-family: var( --e-global-typography-text-font-family ), Sans-serif; font-weight: var( --e-global-typography-text-font-weight ); color: var( --e-global-color-a8e230f );\">&nbsp;el estado de su consentimiento de cookies.<\/span><\/p>\t\t\t\t\t\t<\/div>\n\t\t\t\t<\/div>\n\t\t\t\t<div class=\"elementor-element elementor-element-f404aef elementor-widget elementor-widget-text-editor\" data-id=\"f404aef\" data-element_type=\"widget\" data-widget_type=\"text-editor.default\">\n\t\t\t\t<div class=\"elementor-widget-container\">\n\t\t\t\t\t\t\t<p><br \/><script id=\"CookieDeclaration\" src=\"https:\/\/consent.cookiebot.com\/0083fada-0425-4faa-95b0-901b54513136\/cd.js\" type=\"text\/javascript\" async><\/script><\/p>\t\t\t\t\t\t<\/div>\n\t\t\t\t<\/div>\n\t\t\t\t\t<\/div>\n\t\t<\/div>\n\t\t\t\t\t\t\t<\/div>\n\t\t<\/section>\n\t\t\t\t\t\t\t<\/div>","protected":false},"excerpt":{"rendered":"<p>Privacy Policy \u201cJITSUVAX\u201d and the University of Cambridge (we, us or our) are committed to protecting and respecting your privacy in accordance with the applicable data protection legislation. This policy sets out the basis on which any personal data we collect from you, or that you provide to us, will be processed by us.\u00a0 Please [&hellip;]<\/p>","protected":false},"author":1,"featured_media":0,"parent":0,"menu_order":0,"comment_status":"closed","ping_status":"closed","template":"","meta":{"footnotes":""},"class_list":["post-3228","page","type-page","status-publish","hentry"],"acf":[],"yoast_head":"<!-- This site is optimized with the Yoast SEO plugin v19.2 - https:\/\/yoast.com\/wordpress\/plugins\/seo\/ -->\n<title>Privacy Policy - JITSUVAX<\/title>\n<meta name=\"robots\" content=\"index, follow, max-snippet:-1, max-image-preview:large, max-video-preview:-1\" \/>\n<link rel=\"canonical\" href=\"https:\/\/jitsuvax.info\/es\/privacy-policy\/\" \/>\n<meta property=\"og:locale\" content=\"es_ES\" \/>\n<meta property=\"og:type\" content=\"article\" \/>\n<meta property=\"og:title\" content=\"Privacy Policy - JITSUVAX\" \/>\n<meta property=\"og:description\" content=\"Privacy Policy \u201cJITSUVAX\u201d and the University of Cambridge (we, us or our) are committed to protecting and respecting your privacy in accordance with the applicable data protection legislation. This policy sets out the basis on which any personal data we collect from you, or that you provide to us, will be processed by us.\u00a0 Please [&hellip;]\" \/>\n<meta property=\"og:url\" content=\"https:\/\/jitsuvax.info\/es\/privacy-policy\/\" \/>\n<meta property=\"og:site_name\" content=\"JITSUVAX\" \/>\n<meta property=\"article:modified_time\" content=\"2023-04-05T17:39:13+00:00\" \/>\n<meta name=\"author\" content=\"admin-syl\" \/>\n<meta name=\"twitter:card\" content=\"summary_large_image\" \/>\n<meta name=\"twitter:label1\" content=\"Tiempo de lectura\" \/>\n\t<meta name=\"twitter:data1\" content=\"7 minutos\" \/>\n<script type=\"application\/ld+json\" class=\"yoast-schema-graph\">{\"@context\":\"https:\/\/schema.org\",\"@graph\":[{\"@type\":\"Organization\",\"@id\":\"https:\/\/jitsuvax.info\/#organization\",\"name\":\"Jitsuvax\",\"url\":\"https:\/\/jitsuvax.info\/\",\"sameAs\":[],\"logo\":{\"@type\":\"ImageObject\",\"inLanguage\":\"es\",\"@id\":\"https:\/\/jitsuvax.info\/#\/schema\/logo\/image\/\",\"url\":\"https:\/\/jitsuvax.info\/wp-content\/uploads\/2021\/10\/jitsuvax-logo-colourtransparent.png\",\"contentUrl\":\"https:\/\/jitsuvax.info\/wp-content\/uploads\/2021\/10\/jitsuvax-logo-colourtransparent.png\",\"width\":904,\"height\":380,\"caption\":\"Jitsuvax\"},\"image\":{\"@id\":\"https:\/\/jitsuvax.info\/#\/schema\/logo\/image\/\"}},{\"@type\":\"WebSite\",\"@id\":\"https:\/\/jitsuvax.info\/#website\",\"url\":\"https:\/\/jitsuvax.info\/\",\"name\":\"JITSUVAX\",\"description\":\"Vaccinating against misconceptions to protect global public health\",\"publisher\":{\"@id\":\"https:\/\/jitsuvax.info\/#organization\"},\"potentialAction\":[{\"@type\":\"SearchAction\",\"target\":{\"@type\":\"EntryPoint\",\"urlTemplate\":\"https:\/\/jitsuvax.info\/?s={search_term_string}\"},\"query-input\":\"required name=search_term_string\"}],\"inLanguage\":\"es\"},{\"@type\":\"WebPage\",\"@id\":\"https:\/\/jitsuvax.info\/privacy-policy\/#webpage\",\"url\":\"https:\/\/jitsuvax.info\/privacy-policy\/\",\"name\":\"Privacy Policy - JITSUVAX\",\"isPartOf\":{\"@id\":\"https:\/\/jitsuvax.info\/#website\"},\"datePublished\":\"2022-09-19T12:15:32+00:00\",\"dateModified\":\"2023-04-05T17:39:13+00:00\",\"breadcrumb\":{\"@id\":\"https:\/\/jitsuvax.info\/privacy-policy\/#breadcrumb\"},\"inLanguage\":\"es\",\"potentialAction\":[{\"@type\":\"ReadAction\",\"target\":[\"https:\/\/jitsuvax.info\/privacy-policy\/\"]}]},{\"@type\":\"BreadcrumbList\",\"@id\":\"https:\/\/jitsuvax.info\/privacy-policy\/#breadcrumb\",\"itemListElement\":[{\"@type\":\"ListItem\",\"position\":1,\"name\":\"Home\",\"item\":\"https:\/\/jitsuvax.info\/\"},{\"@type\":\"ListItem\",\"position\":2,\"name\":\"Privacy Policy\"}]}]}<\/script>\n<!-- \/ Yoast SEO plugin. -->","yoast_head_json":{"title":"Privacy Policy - JITSUVAX","robots":{"index":"index","follow":"follow","max-snippet":"max-snippet:-1","max-image-preview":"max-image-preview:large","max-video-preview":"max-video-preview:-1"},"canonical":"https:\/\/jitsuvax.info\/es\/privacy-policy\/","og_locale":"es_ES","og_type":"article","og_title":"Privacy Policy - JITSUVAX","og_description":"Privacy Policy \u201cJITSUVAX\u201d and the University of Cambridge (we, us or our) are committed to protecting and respecting your privacy in accordance with the applicable data protection legislation. This policy sets out the basis on which any personal data we collect from you, or that you provide to us, will be processed by us.\u00a0 Please [&hellip;]","og_url":"https:\/\/jitsuvax.info\/es\/privacy-policy\/","og_site_name":"JITSUVAX","article_modified_time":"2023-04-05T17:39:13+00:00","author":"admin-syl","twitter_card":"summary_large_image","twitter_misc":{"Tiempo de lectura":"7 minutos"},"schema":{"@context":"https:\/\/schema.org","@graph":[{"@type":"Organization","@id":"https:\/\/jitsuvax.info\/#organization","name":"Jitsuvax","url":"https:\/\/jitsuvax.info\/","sameAs":[],"logo":{"@type":"ImageObject","inLanguage":"es","@id":"https:\/\/jitsuvax.info\/#\/schema\/logo\/image\/","url":"https:\/\/jitsuvax.info\/wp-content\/uploads\/2021\/10\/jitsuvax-logo-colourtransparent.png","contentUrl":"https:\/\/jitsuvax.info\/wp-content\/uploads\/2021\/10\/jitsuvax-logo-colourtransparent.png","width":904,"height":380,"caption":"Jitsuvax"},"image":{"@id":"https:\/\/jitsuvax.info\/#\/schema\/logo\/image\/"}},{"@type":"WebSite","@id":"https:\/\/jitsuvax.info\/#website","url":"https:\/\/jitsuvax.info\/","name":"JITSUVAX","description":"Vaccinating against misconceptions to protect global public health","publisher":{"@id":"https:\/\/jitsuvax.info\/#organization"},"potentialAction":[{"@type":"SearchAction","target":{"@type":"EntryPoint","urlTemplate":"https:\/\/jitsuvax.info\/?s={search_term_string}"},"query-input":"required name=search_term_string"}],"inLanguage":"es"},{"@type":"WebPage","@id":"https:\/\/jitsuvax.info\/privacy-policy\/#webpage","url":"https:\/\/jitsuvax.info\/privacy-policy\/","name":"Privacy Policy - JITSUVAX","isPartOf":{"@id":"https:\/\/jitsuvax.info\/#website"},"datePublished":"2022-09-19T12:15:32+00:00","dateModified":"2023-04-05T17:39:13+00:00","breadcrumb":{"@id":"https:\/\/jitsuvax.info\/privacy-policy\/#breadcrumb"},"inLanguage":"es","potentialAction":[{"@type":"ReadAction","target":["https:\/\/jitsuvax.info\/privacy-policy\/"]}]},{"@type":"BreadcrumbList","@id":"https:\/\/jitsuvax.info\/privacy-policy\/#breadcrumb","itemListElement":[{"@type":"ListItem","position":1,"name":"Home","item":"https:\/\/jitsuvax.info\/"},{"@type":"ListItem","position":2,"name":"Privacy Policy"}]}]}},"_links":{"self":[{"href":"https:\/\/jitsuvax.info\/es\/wp-json\/wp\/v2\/pages\/3228","targetHints":{"allow":["GET"]}}],"collection":[{"href":"https:\/\/jitsuvax.info\/es\/wp-json\/wp\/v2\/pages"}],"about":[{"href":"https:\/\/jitsuvax.info\/es\/wp-json\/wp\/v2\/types\/page"}],"author":[{"embeddable":true,"href":"https:\/\/jitsuvax.info\/es\/wp-json\/wp\/v2\/users\/1"}],"replies":[{"embeddable":true,"href":"https:\/\/jitsuvax.info\/es\/wp-json\/wp\/v2\/comments?post=3228"}],"version-history":[{"count":22,"href":"https:\/\/jitsuvax.info\/es\/wp-json\/wp\/v2\/pages\/3228\/revisions"}],"predecessor-version":[{"id":3433,"href":"https:\/\/jitsuvax.info\/es\/wp-json\/wp\/v2\/pages\/3228\/revisions\/3433"}],"wp:attachment":[{"href":"https:\/\/jitsuvax.info\/es\/wp-json\/wp\/v2\/media?parent=3228"}],"curies":[{"name":"wp","href":"https:\/\/api.w.org\/{rel}","templated":true}]}}