{"id":3385,"date":"2023-04-05T16:56:48","date_gmt":"2023-04-05T16:56:48","guid":{"rendered":"https:\/\/jitsuvax.info\/?page_id=3385"},"modified":"2023-07-18T10:25:35","modified_gmt":"2023-07-18T10:25:35","slug":"the-science-behind-this-website","status":"publish","type":"page","link":"https:\/\/jitsuvax.info\/es\/the-science-behind-this-website\/","title":{"rendered":""},"content":{"rendered":"<div data-elementor-type=\"wp-page\" data-elementor-id=\"3385\" class=\"elementor elementor-3385\">\n\t\t\t\t\t\t\t\t\t<section data-particle_enable=\"false\" data-particle-mobile-disabled=\"false\" class=\"elementor-section elementor-top-section elementor-element elementor-element-2d7f66b elementor-section-boxed elementor-section-height-default elementor-section-height-default\" data-id=\"2d7f66b\" data-element_type=\"section\" data-settings=\"{&quot;background_background&quot;:&quot;classic&quot;}\">\n\t\t\t\t\t\t<div class=\"elementor-container elementor-column-gap-default\">\n\t\t\t\t\t<div class=\"elementor-column elementor-col-100 elementor-top-column elementor-element elementor-element-6272e18\" data-id=\"6272e18\" data-element_type=\"column\">\n\t\t\t<div class=\"elementor-widget-wrap elementor-element-populated\">\n\t\t\t\t\t\t\t\t<div class=\"elementor-element elementor-element-efb40b7 elementor-widget elementor-widget-heading\" data-id=\"efb40b7\" data-element_type=\"widget\" data-widget_type=\"heading.default\">\n\t\t\t\t<div class=\"elementor-widget-container\">\n\t\t\t<style>\/*! elementor - v3.6.6 - 08-06-2022 *\/\n.elementor-heading-title{padding:0;margin:0;line-height:1}.elementor-widget-heading .elementor-heading-title[class*=elementor-size-]>a{color:inherit;font-size:inherit;line-height:inherit}.elementor-widget-heading .elementor-heading-title.elementor-size-small{font-size:15px}.elementor-widget-heading .elementor-heading-title.elementor-size-medium{font-size:19px}.elementor-widget-heading .elementor-heading-title.elementor-size-large{font-size:29px}.elementor-widget-heading .elementor-heading-title.elementor-size-xl{font-size:39px}.elementor-widget-heading .elementor-heading-title.elementor-size-xxl{font-size:59px}<\/style><h1 class=\"elementor-heading-title elementor-size-default\">\u00bfCU\u00c1L ES LA EVIDENCIA PARA...<\/h1>\t\t<\/div>\n\t\t\t\t<\/div>\n\t\t\t\t<div class=\"elementor-element elementor-element-264e30d elementor-widget elementor-widget-text-editor\" data-id=\"264e30d\" data-element_type=\"widget\" data-widget_type=\"text-editor.default\">\n\t\t\t\t<div class=\"elementor-widget-container\">\n\t\t\t<style>\/*! elementor - v3.6.6 - 08-06-2022 *\/\n.elementor-widget-text-editor.elementor-drop-cap-view-stacked .elementor-drop-cap{background-color:#818a91;color:#fff}.elementor-widget-text-editor.elementor-drop-cap-view-framed .elementor-drop-cap{color:#818a91;border:3px solid;background-color:transparent}.elementor-widget-text-editor:not(.elementor-drop-cap-view-default) .elementor-drop-cap{margin-top:8px}.elementor-widget-text-editor:not(.elementor-drop-cap-view-default) .elementor-drop-cap-letter{width:1em;height:1em}.elementor-widget-text-editor .elementor-drop-cap{float:left;text-align:center;line-height:1;font-size:50px}.elementor-widget-text-editor .elementor-drop-cap-letter{display:inline-block}<\/style>\t\t\t\t<h5><strong>\u2026las 11 ra\u00edces actitudinales?<\/strong><\/h5>\n<p>Las ra\u00edces son el resultado de un extenso estudio realizado por el equipo de JITSUVAX, el cual desarroll\u00f3 una \"taxonom\u00eda\" de argumentos en contra de la vacunaci\u00f3n. A trav\u00e9s de una revisi\u00f3n sistem\u00e1tica de 152 art\u00edculos cient\u00edficos y del an\u00e1lisis tem\u00e1tico de 2414 argumentos, desarrollamos una clasificaci\u00f3n jer\u00e1rquica que identifica 62 temas comunes y los relaciona con 11 ra\u00edces actitudinales que explican por qu\u00e9 un individuo puede expresar su oposici\u00f3n a la vacunaci\u00f3n.<\/p>\n<p>Esta taxonom\u00eda ha sido validada tanto en t\u00e9rminos ling\u00fc\u00edsticos como psicol\u00f3gicos. Primero, utilizamos una base de datos de desinformaci\u00f3n sobre la vacuna contra la COVID-19 a fin de desarrollar un modelo computacional a trav\u00e9s de una combinaci\u00f3n de codificaci\u00f3n humana y algoritmos de aprendizaje autom\u00e1tico. Los codificadores humanos identificaron las ra\u00edces actitudinales de 582 afirmaciones desacreditadas sobre las vacunas contra la COVID-19, y el modelo de procesamiento de lenguaje natural predijo estas ra\u00edces asignadas con considerable habilidad.<\/p>\n<p>En segundo lugar, reclutamos a 1250 personas de la poblaci\u00f3n general brit\u00e1nica para medir cu\u00e1nto apoyaban argumentos contra la vacunaci\u00f3n que reflejen los temas de la taxonom\u00eda. Usando un an\u00e1lisis factorial, encontramos que el respaldo a los argumentos de las 11 ra\u00edces actitudinales fue modelada mejor como una \u00fanica variable que da cuenta de la creencia de los participantes en estos argumentos antivacunas, y la fuerza de la creencia fue predicha significativamente por 11 medidas psicol\u00f3gicas validadas, todas ellas asociadas con las ra\u00edces actitudinales.<\/p>\n<p>Adem\u00e1s, utilizando todas estas variables asociadas a las ra\u00edces actitudinales, encontramos que tend\u00edan a agruparse en distintos perfiles de personalidad. Esto nos permiti\u00f3 identificar 4 perfiles antivacunaci\u00f3n y 4 provacunaci\u00f3n entre las respuestas de nuestros participantes, los cuales nos ayudan a comprender c\u00f3mo se relacionan entre s\u00ed las ra\u00edces actitudinales. En resumen, esta taxonom\u00eda constituye un marco te\u00f3rico validado que vincula la oposici\u00f3n expresada a las vacunas con sus procesos psicol\u00f3gicos subyacentes.<\/p>\n<p>Esta taxonom\u00eda ha sido desarrollada y validada en dos art\u00edculos cient\u00edficos publicados en las revistas <a href=\"https:\/\/www.nature.com\/articles\/s41562-023-01644-3\"><i>Nature Human Behaviour<\/i><\/a> y <a href=\"https:\/\/www.nature.com\/articles\/s41598-023-30883-7\"><i>Scientific Reports<\/i><\/a>.<\/p>\n<h5><strong>\u2026la efectividad de las refutaciones?<\/strong><\/h5>\n<p>Las refutaciones que se encuentran en este sitio web est\u00e1n basadas en la metodolog\u00eda de Entrevista de Refutaci\u00f3n Emp\u00e1tica (ERE) desarrollada por el equipo de JITSUVAX. Los cuatro pasos de ERE se basan en una gran cantidad de investigaciones cient\u00edficas provenientes de la psicolog\u00eda y la salud p\u00fablica acerca del cambio de creencias injustificadas, la aceptaci\u00f3n de la vacunaci\u00f3n y la comunicaci\u00f3n con el paciente.<\/p>\n<p>El protocolo ERE ha sido probado simul\u00e1ndolo con casi 3000 participantes de Reino Unido y Estados Unidos, todos ellos con opiniones contrarias a la vacunaci\u00f3n. Los investigadores de JITSUVAX realizaron una serie de experimentos controlados y aleatorizados en l\u00ednea para probar los componentes de ERE de forma independiente y tambi\u00e9n como un paquete combinado. Los resultados de estos experimentos indican lo siguiente:<\/p>\n<ul>\n<li>Explorar las inquietudes sobre la vacunaci\u00f3n pidiendo a los participantes que expliquen sus razonamientos constituye un primer paso importante y viable: hablar sobre su posici\u00f3n negativa hacia las vacunas no hizo que los participantes respaldaran m\u00e1s los argumentos contra la vacunaci\u00f3n. Por lo tanto, podemos abrir la conversaci\u00f3n suscitando inquietudes sin preocuparnos de que los pacientes apoyen m\u00e1s su posici\u00f3n inicial.<\/li>\n<li>Los participantes siempre apoyaron m\u00e1s al m\u00e9dico que utiliz\u00f3 ERE, en contraposici\u00f3n a los m\u00e9dicos que refutaron directamente los argumentos contra la vacunaci\u00f3n (es decir, sin afirmar primero a su paciente) o que simplemente defendieron la seguridad y eficacia de las vacunas sin ofrecer una respuesta alineada con el perfil del paciente. La afirmaci\u00f3n es, por lo tanto, un paso cr\u00edtico para mantener una relaci\u00f3n fruct\u00edfera durante la conversaci\u00f3n.<\/li>\n<li>Las refutaciones personalizadas fueron m\u00e1s convincentes para los participantes, quienes tambi\u00e9n se mostraron m\u00e1s confiados y abiertos al m\u00e9dico que abordaba la conversaci\u00f3n desde esta perspectiva. Por lo tanto, este paso ayuda a mantener la relaci\u00f3n y a desarrollar la receptividad a la correcci\u00f3n de creencias, as\u00ed como la apertura a la informaci\u00f3n adicional que uno podr\u00eda desear brindar.<\/li>\n<li>Los participantes tambi\u00e9n aumentaron su nivel de aceptaci\u00f3n tras leer informaci\u00f3n f\u00e1ctica, acompa\u00f1ada de ilustraciones, sobre las vacunas, la inmunidad de grupo y los riesgos de la enfermedad. Nuestros hallazgos se hacen eco de d\u00e9cadas de investigaciones previas que tambi\u00e9n concluyeron que cuando las personas entienden esta clase de hechos, su aceptaci\u00f3n de las vacunas tiende a aumentar.<\/li>\n<li>En general, los resultados de ERE fueron mejores que varias condiciones de control en la reducci\u00f3n de creencias antivacunas, aumentando as\u00ed la aceptaci\u00f3n de la vacuna y, al mismo tiempo, generando mayores niveles de apoyo, confianza y receptividad hacia el profesional sanitario.<\/li>\n<\/ul>\n<p>ERE tambi\u00e9n fue probada en un experimento controlado y aleatorizado con 201 profesionales sanitarios de Reino Unido y 120 de Finlandia, con el objetivo de evaluar su respuesta a la t\u00e9cnica. Los investigadores de JITSUVAX presentaron a los participantes diversos escenarios en los que un profesional sanitario y su paciente (o la persona a cargo de su paciente) interactuaban, tanto empleando ERE como escenarios de control en los que el profesional se limitaba a proporcionar datos acerca de la vacunaci\u00f3n.<\/p>\n<p>Los participantes en el estudio consideraron que los profesionales sanitarios que emplearon ERE manejaron la conversaci\u00f3n con el paciente mejor que aquellos que no lo hicieron. Cuando se les pidi\u00f3 que describieran c\u00f3mo abordar\u00edan ellos mismos una conversaci\u00f3n con pacientes que tuvieran inquietudes similares sobre la vacunaci\u00f3n, los participantes que leyeron sobre ERE incluyeron con mayor frencuencia en su descripci\u00f3n la empat\u00eda hacia los pacientes.<\/p>\n<p>ERE ser\u00e1 probada en interacciones reales entre m\u00e9dicos y pacientes a lo largo de 2023 y 2024.<\/p>\n<p>Puedes encontrar m\u00e1s informaci\u00f3n sobre JITSUVAX <a href=\"https:\/\/jitsuvax.github.io\/index.html\" target=\"_blank\" rel=\"noopener\">aqu\u00ed<\/a>.<\/p>\n<p>Los informes sobre nuestro trabajo est\u00e1n <a href=\"https:\/\/jitsuvax.github.io\/deliverables.html\" target=\"_blank\" rel=\"noopener\">aqu\u00ed<\/a>.<\/p>\n<p>Nuestras publicaciones cient\u00edficas se enumeran <a href=\"https:\/\/jitsuvax.github.io\/publications.html\" target=\"_blank\" rel=\"noopener\">aqu\u00ed<\/a>.<\/p>\t\t\t\t\t\t<\/div>\n\t\t\t\t<\/div>\n\t\t\t\t\t<\/div>\n\t\t<\/div>\n\t\t\t\t\t\t\t<\/div>\n\t\t<\/section>\n\t\t\t\t\t\t\t<\/div>","protected":false},"excerpt":{"rendered":"<p>What is the evidence for&#8230; \u2026the 11 attitude roots The roots are the result of an extensive study by the JITSUVAX team, who created a \u2018taxonomy\u2019 of arguments against vaccination. Through a systematic literature review of 152 scientific articles and thematic analysis of 2,414 anti-vaccination arguments, we developed a hierarchical taxonomy of anti-vaccination arguments that [&hellip;]<\/p>","protected":false},"author":3,"featured_media":0,"parent":0,"menu_order":0,"comment_status":"closed","ping_status":"closed","template":"","meta":{"footnotes":""},"class_list":["post-3385","page","type-page","status-publish","hentry"],"acf":[],"yoast_head":"<!-- This site is optimized with the Yoast SEO plugin v19.2 - https:\/\/yoast.com\/wordpress\/plugins\/seo\/ -->\n<title>- JITSUVAX<\/title>\n<meta name=\"robots\" content=\"index, follow, max-snippet:-1, max-image-preview:large, max-video-preview:-1\" \/>\n<link rel=\"canonical\" href=\"https:\/\/jitsuvax.info\/es\/the-science-behind-this-website\/\" \/>\n<meta property=\"og:locale\" content=\"es_ES\" \/>\n<meta property=\"og:type\" content=\"article\" \/>\n<meta property=\"og:title\" content=\"- JITSUVAX\" \/>\n<meta property=\"og:description\" content=\"What is the evidence for&#8230; \u2026the 11 attitude roots The roots are the result of an extensive study by the JITSUVAX team, who created a \u2018taxonomy\u2019 of arguments against vaccination. Through a systematic literature review of 152 scientific articles and thematic analysis of 2,414 anti-vaccination arguments, we developed a hierarchical taxonomy of anti-vaccination arguments that [&hellip;]\" \/>\n<meta property=\"og:url\" content=\"https:\/\/jitsuvax.info\/es\/the-science-behind-this-website\/\" \/>\n<meta property=\"og:site_name\" content=\"JITSUVAX\" \/>\n<meta property=\"article:modified_time\" content=\"2023-07-18T10:25:35+00:00\" \/>\n<meta name=\"author\" content=\"Angelo Fasce\" \/>\n<meta name=\"twitter:card\" content=\"summary_large_image\" \/>\n<meta name=\"twitter:label1\" content=\"Tiempo de lectura\" \/>\n\t<meta name=\"twitter:data1\" content=\"4 minutos\" \/>\n<script type=\"application\/ld+json\" class=\"yoast-schema-graph\">{\"@context\":\"https:\/\/schema.org\",\"@graph\":[{\"@type\":\"Organization\",\"@id\":\"https:\/\/jitsuvax.info\/#organization\",\"name\":\"Jitsuvax\",\"url\":\"https:\/\/jitsuvax.info\/\",\"sameAs\":[],\"logo\":{\"@type\":\"ImageObject\",\"inLanguage\":\"es\",\"@id\":\"https:\/\/jitsuvax.info\/#\/schema\/logo\/image\/\",\"url\":\"https:\/\/jitsuvax.info\/wp-content\/uploads\/2021\/10\/jitsuvax-logo-colourtransparent.png\",\"contentUrl\":\"https:\/\/jitsuvax.info\/wp-content\/uploads\/2021\/10\/jitsuvax-logo-colourtransparent.png\",\"width\":904,\"height\":380,\"caption\":\"Jitsuvax\"},\"image\":{\"@id\":\"https:\/\/jitsuvax.info\/#\/schema\/logo\/image\/\"}},{\"@type\":\"WebSite\",\"@id\":\"https:\/\/jitsuvax.info\/#website\",\"url\":\"https:\/\/jitsuvax.info\/\",\"name\":\"JITSUVAX\",\"description\":\"Vaccinating against misconceptions to protect global public health\",\"publisher\":{\"@id\":\"https:\/\/jitsuvax.info\/#organization\"},\"potentialAction\":[{\"@type\":\"SearchAction\",\"target\":{\"@type\":\"EntryPoint\",\"urlTemplate\":\"https:\/\/jitsuvax.info\/?s={search_term_string}\"},\"query-input\":\"required name=search_term_string\"}],\"inLanguage\":\"es\"},{\"@type\":\"WebPage\",\"@id\":\"https:\/\/jitsuvax.info\/the-science-behind-this-website\/#webpage\",\"url\":\"https:\/\/jitsuvax.info\/the-science-behind-this-website\/\",\"name\":\"- JITSUVAX\",\"isPartOf\":{\"@id\":\"https:\/\/jitsuvax.info\/#website\"},\"datePublished\":\"2023-04-05T16:56:48+00:00\",\"dateModified\":\"2023-07-18T10:25:35+00:00\",\"breadcrumb\":{\"@id\":\"https:\/\/jitsuvax.info\/the-science-behind-this-website\/#breadcrumb\"},\"inLanguage\":\"es\",\"potentialAction\":[{\"@type\":\"ReadAction\",\"target\":[\"https:\/\/jitsuvax.info\/the-science-behind-this-website\/\"]}]},{\"@type\":\"BreadcrumbList\",\"@id\":\"https:\/\/jitsuvax.info\/the-science-behind-this-website\/#breadcrumb\",\"itemListElement\":[{\"@type\":\"ListItem\",\"position\":1,\"name\":\"Home\",\"item\":\"https:\/\/jitsuvax.info\/\"},{\"@type\":\"ListItem\",\"position\":2,\"name\":\"\"}]}]}<\/script>\n<!-- \/ Yoast SEO plugin. -->","yoast_head_json":{"title":"- JITSUVAX","robots":{"index":"index","follow":"follow","max-snippet":"max-snippet:-1","max-image-preview":"max-image-preview:large","max-video-preview":"max-video-preview:-1"},"canonical":"https:\/\/jitsuvax.info\/es\/the-science-behind-this-website\/","og_locale":"es_ES","og_type":"article","og_title":"- JITSUVAX","og_description":"What is the evidence for&#8230; \u2026the 11 attitude roots The roots are the result of an extensive study by the JITSUVAX team, who created a \u2018taxonomy\u2019 of arguments against vaccination. Through a systematic literature review of 152 scientific articles and thematic analysis of 2,414 anti-vaccination arguments, we developed a hierarchical taxonomy of anti-vaccination arguments that [&hellip;]","og_url":"https:\/\/jitsuvax.info\/es\/the-science-behind-this-website\/","og_site_name":"JITSUVAX","article_modified_time":"2023-07-18T10:25:35+00:00","author":"Angelo Fasce","twitter_card":"summary_large_image","twitter_misc":{"Tiempo de lectura":"4 minutos"},"schema":{"@context":"https:\/\/schema.org","@graph":[{"@type":"Organization","@id":"https:\/\/jitsuvax.info\/#organization","name":"Jitsuvax","url":"https:\/\/jitsuvax.info\/","sameAs":[],"logo":{"@type":"ImageObject","inLanguage":"es","@id":"https:\/\/jitsuvax.info\/#\/schema\/logo\/image\/","url":"https:\/\/jitsuvax.info\/wp-content\/uploads\/2021\/10\/jitsuvax-logo-colourtransparent.png","contentUrl":"https:\/\/jitsuvax.info\/wp-content\/uploads\/2021\/10\/jitsuvax-logo-colourtransparent.png","width":904,"height":380,"caption":"Jitsuvax"},"image":{"@id":"https:\/\/jitsuvax.info\/#\/schema\/logo\/image\/"}},{"@type":"WebSite","@id":"https:\/\/jitsuvax.info\/#website","url":"https:\/\/jitsuvax.info\/","name":"JITSUVAX","description":"Vaccinating against misconceptions to protect global public health","publisher":{"@id":"https:\/\/jitsuvax.info\/#organization"},"potentialAction":[{"@type":"SearchAction","target":{"@type":"EntryPoint","urlTemplate":"https:\/\/jitsuvax.info\/?s={search_term_string}"},"query-input":"required name=search_term_string"}],"inLanguage":"es"},{"@type":"WebPage","@id":"https:\/\/jitsuvax.info\/the-science-behind-this-website\/#webpage","url":"https:\/\/jitsuvax.info\/the-science-behind-this-website\/","name":"- JITSUVAX","isPartOf":{"@id":"https:\/\/jitsuvax.info\/#website"},"datePublished":"2023-04-05T16:56:48+00:00","dateModified":"2023-07-18T10:25:35+00:00","breadcrumb":{"@id":"https:\/\/jitsuvax.info\/the-science-behind-this-website\/#breadcrumb"},"inLanguage":"es","potentialAction":[{"@type":"ReadAction","target":["https:\/\/jitsuvax.info\/the-science-behind-this-website\/"]}]},{"@type":"BreadcrumbList","@id":"https:\/\/jitsuvax.info\/the-science-behind-this-website\/#breadcrumb","itemListElement":[{"@type":"ListItem","position":1,"name":"Home","item":"https:\/\/jitsuvax.info\/"},{"@type":"ListItem","position":2,"name":""}]}]}},"_links":{"self":[{"href":"https:\/\/jitsuvax.info\/es\/wp-json\/wp\/v2\/pages\/3385","targetHints":{"allow":["GET"]}}],"collection":[{"href":"https:\/\/jitsuvax.info\/es\/wp-json\/wp\/v2\/pages"}],"about":[{"href":"https:\/\/jitsuvax.info\/es\/wp-json\/wp\/v2\/types\/page"}],"author":[{"embeddable":true,"href":"https:\/\/jitsuvax.info\/es\/wp-json\/wp\/v2\/users\/3"}],"replies":[{"embeddable":true,"href":"https:\/\/jitsuvax.info\/es\/wp-json\/wp\/v2\/comments?post=3385"}],"version-history":[{"count":37,"href":"https:\/\/jitsuvax.info\/es\/wp-json\/wp\/v2\/pages\/3385\/revisions"}],"predecessor-version":[{"id":3585,"href":"https:\/\/jitsuvax.info\/es\/wp-json\/wp\/v2\/pages\/3385\/revisions\/3585"}],"wp:attachment":[{"href":"https:\/\/jitsuvax.info\/es\/wp-json\/wp\/v2\/media?parent=3385"}],"curies":[{"name":"wp","href":"https:\/\/api.w.org\/{rel}","templated":true}]}}