{"id":3138,"date":"2022-09-05T07:45:52","date_gmt":"2022-09-05T07:45:52","guid":{"rendered":"https:\/\/jitsuvax.info\/?page_id=3138"},"modified":"2023-04-05T17:35:06","modified_gmt":"2023-04-05T17:35:06","slug":"list-of-contributors","status":"publish","type":"page","link":"https:\/\/jitsuvax.info\/fr\/list-of-contributors\/","title":{"rendered":"Project Contributors"},"content":{"rendered":"<div data-elementor-type=\"wp-page\" data-elementor-id=\"3138\" class=\"elementor elementor-3138\">\n\t\t\t\t\t\t\t\t\t<section data-particle_enable=\"false\" data-particle-mobile-disabled=\"false\" class=\"elementor-section elementor-top-section elementor-element elementor-element-7010770c elementor-section-boxed elementor-section-height-default elementor-section-height-default\" data-id=\"7010770c\" data-element_type=\"section\" data-settings=\"{&quot;background_background&quot;:&quot;classic&quot;}\">\n\t\t\t\t\t\t<div class=\"elementor-container elementor-column-gap-default\">\n\t\t\t\t\t<div class=\"elementor-column elementor-col-100 elementor-top-column elementor-element elementor-element-b52fe35\" data-id=\"b52fe35\" data-element_type=\"column\">\n\t\t\t<div class=\"elementor-widget-wrap elementor-element-populated\">\n\t\t\t\t\t\t\t\t<div class=\"elementor-element elementor-element-8ed8db9 animated-fast elementor-invisible elementor-widget elementor-widget-heading\" data-id=\"8ed8db9\" data-element_type=\"widget\" data-settings=\"{&quot;_animation&quot;:&quot;fadeIn&quot;}\" data-widget_type=\"heading.default\">\n\t\t\t\t<div class=\"elementor-widget-container\">\n\t\t\t<style>\/*! elementor - v3.6.6 - 08-06-2022 *\/\n.elementor-heading-title{padding:0;margin:0;line-height:1}.elementor-widget-heading .elementor-heading-title[class*=elementor-size-]>a{color:inherit;font-size:inherit;line-height:inherit}.elementor-widget-heading .elementor-heading-title.elementor-size-small{font-size:15px}.elementor-widget-heading .elementor-heading-title.elementor-size-medium{font-size:19px}.elementor-widget-heading .elementor-heading-title.elementor-size-large{font-size:29px}.elementor-widget-heading .elementor-heading-title.elementor-size-xl{font-size:39px}.elementor-widget-heading .elementor-heading-title.elementor-size-xxl{font-size:59px}<\/style><h1 class=\"elementor-heading-title elementor-size-default\">LISTE DES CONTRIBUTEURS<\/h1>\t\t<\/div>\n\t\t\t\t<\/div>\n\t\t\t\t<div class=\"elementor-element elementor-element-77e2cb8 elementor-widget elementor-widget-text-editor\" data-id=\"77e2cb8\" data-element_type=\"widget\" data-widget_type=\"text-editor.default\">\n\t\t\t\t<div class=\"elementor-widget-container\">\n\t\t\t<style>\/*! elementor - v3.6.6 - 08-06-2022 *\/\n.elementor-widget-text-editor.elementor-drop-cap-view-stacked .elementor-drop-cap{background-color:#818a91;color:#fff}.elementor-widget-text-editor.elementor-drop-cap-view-framed .elementor-drop-cap{color:#818a91;border:3px solid;background-color:transparent}.elementor-widget-text-editor:not(.elementor-drop-cap-view-default) .elementor-drop-cap{margin-top:8px}.elementor-widget-text-editor:not(.elementor-drop-cap-view-default) .elementor-drop-cap-letter{width:1em;height:1em}.elementor-widget-text-editor .elementor-drop-cap{float:left;text-align:center;line-height:1;font-size:50px}.elementor-widget-text-editor .elementor-drop-cap-letter{display:inline-block}<\/style>\t\t\t\t<p><strong>Chef de projet :<\/strong><br \/>Stephan Lewandowsky (Universit\u00e9 de Bristol)<\/p><p><strong>Gestion du contenu :<\/strong><br \/>Angelo Fasce (Universit\u00e9 de Coimbra)<br \/>Dawn Liu Holford (Universit\u00e9 de Bristol)<\/p><p><strong>R\u00e9daction de contenu :<\/strong><br \/>Amanda Garrison (Observatoire R\u00e9gional de la Sant\u00e9 Provence-Alpes-C\u00f4te-D'azur)<br \/>Frederike Taubert (Universit\u00e9 d'Erfurt)<br \/>Ginny Gould (Universit\u00e9 de Bristol)<br \/>Linda Karlsson (Universit\u00e9 de Turku)<br \/>Marlene Wulf (Institut Max Planck pour le d\u00e9veloppement humain)<br \/>Michelle Barden (Universit\u00e9 de Bristol)<br \/>Philipp Schmid (Universit\u00e9 d'Erfurt)<\/p><p><span style=\"background-color: var( --e-global-color-2b653ef ); font-family: var( --e-global-typography-text-font-family ), Sans-serif; font-weight: var( --e-global-typography-text-font-weight );\"><strong>D\u00e9veloppement de sites web :<\/strong><br \/>Luke Newbold (Studio You London)<br \/>Sander van der Linden (Universit\u00e9 de Cambridge)<\/span><\/p><p><span style=\"background-color: var( --e-global-color-2b653ef ); font-family: var( --e-global-typography-text-font-family ), Sans-serif; font-weight: var( --e-global-typography-text-font-weight );\"><strong>Conseillers externes :<\/strong><br \/>Ulrike Hahn (Universit\u00e9 de Londres)<\/span><\/p>\t\t\t\t\t\t<\/div>\n\t\t\t\t<\/div>\n\t\t\t\t\t<\/div>\n\t\t<\/div>\n\t\t\t\t\t\t\t<\/div>\n\t\t<\/section>\n\t\t\t\t\t\t\t<\/div>","protected":false},"excerpt":{"rendered":"<p>List of Contributors Project leader:Stephan Lewandowsky (University of Bristol) Content management:Angelo Fasce (University of Coimbra)Dawn Liu Holford (University of Bristol) Content writing:Amanda Garrison (Regional Observatory of Sant\u00e9 Provence-Alpes-C\u00f4te d&#8217;Azur)Frederike Taubert (University of Erfurt)Ginny Gould (University of Bristol)Linda Karlsson (University of Turku)Marlene Wulf (Max Planck Institute for Human Development)Michelle Barden (University of Bristol)Philipp Schmid (University of [&hellip;]<\/p>","protected":false},"author":3,"featured_media":0,"parent":0,"menu_order":0,"comment_status":"closed","ping_status":"closed","template":"","meta":{"footnotes":""},"class_list":["post-3138","page","type-page","status-publish","hentry"],"acf":[],"yoast_head":"<!-- This site is optimized with the Yoast SEO plugin v19.2 - https:\/\/yoast.com\/wordpress\/plugins\/seo\/ -->\n<title>Project Contributors - JITSUVAX<\/title>\n<meta name=\"robots\" content=\"index, follow, max-snippet:-1, max-image-preview:large, max-video-preview:-1\" \/>\n<link rel=\"canonical\" href=\"https:\/\/jitsuvax.info\/fr\/list-of-contributors\/\" \/>\n<meta property=\"og:locale\" content=\"fr_FR\" \/>\n<meta property=\"og:type\" content=\"article\" \/>\n<meta property=\"og:title\" content=\"Project Contributors - JITSUVAX\" \/>\n<meta property=\"og:description\" content=\"List of Contributors Project leader:Stephan Lewandowsky (University of Bristol) Content management:Angelo Fasce (University of Coimbra)Dawn Liu Holford (University of Bristol) Content writing:Amanda Garrison (Regional Observatory of Sant\u00e9 Provence-Alpes-C\u00f4te d&#8217;Azur)Frederike Taubert (University of Erfurt)Ginny Gould (University of Bristol)Linda Karlsson (University of Turku)Marlene Wulf (Max Planck Institute for Human Development)Michelle Barden (University of Bristol)Philipp Schmid (University of [&hellip;]\" \/>\n<meta property=\"og:url\" content=\"https:\/\/jitsuvax.info\/fr\/list-of-contributors\/\" \/>\n<meta property=\"og:site_name\" content=\"JITSUVAX\" \/>\n<meta property=\"article:modified_time\" content=\"2023-04-05T17:35:06+00:00\" \/>\n<meta name=\"author\" content=\"Angelo Fasce\" \/>\n<meta name=\"twitter:card\" content=\"summary_large_image\" \/>\n<meta name=\"twitter:label1\" content=\"Dur\u00e9e de lecture estim\u00e9e\" \/>\n\t<meta name=\"twitter:data1\" content=\"1 minute\" \/>\n<script type=\"application\/ld+json\" class=\"yoast-schema-graph\">{\"@context\":\"https:\/\/schema.org\",\"@graph\":[{\"@type\":\"Organization\",\"@id\":\"https:\/\/jitsuvax.info\/#organization\",\"name\":\"Jitsuvax\",\"url\":\"https:\/\/jitsuvax.info\/\",\"sameAs\":[],\"logo\":{\"@type\":\"ImageObject\",\"inLanguage\":\"fr-FR\",\"@id\":\"https:\/\/jitsuvax.info\/#\/schema\/logo\/image\/\",\"url\":\"https:\/\/jitsuvax.info\/wp-content\/uploads\/2021\/10\/jitsuvax-logo-colourtransparent.png\",\"contentUrl\":\"https:\/\/jitsuvax.info\/wp-content\/uploads\/2021\/10\/jitsuvax-logo-colourtransparent.png\",\"width\":904,\"height\":380,\"caption\":\"Jitsuvax\"},\"image\":{\"@id\":\"https:\/\/jitsuvax.info\/#\/schema\/logo\/image\/\"}},{\"@type\":\"WebSite\",\"@id\":\"https:\/\/jitsuvax.info\/#website\",\"url\":\"https:\/\/jitsuvax.info\/\",\"name\":\"JITSUVAX\",\"description\":\"Vaccinating against misconceptions to protect global public health\",\"publisher\":{\"@id\":\"https:\/\/jitsuvax.info\/#organization\"},\"potentialAction\":[{\"@type\":\"SearchAction\",\"target\":{\"@type\":\"EntryPoint\",\"urlTemplate\":\"https:\/\/jitsuvax.info\/?s={search_term_string}\"},\"query-input\":\"required name=search_term_string\"}],\"inLanguage\":\"fr-FR\"},{\"@type\":\"WebPage\",\"@id\":\"https:\/\/jitsuvax.info\/list-of-contributors\/#webpage\",\"url\":\"https:\/\/jitsuvax.info\/list-of-contributors\/\",\"name\":\"Project Contributors - JITSUVAX\",\"isPartOf\":{\"@id\":\"https:\/\/jitsuvax.info\/#website\"},\"datePublished\":\"2022-09-05T07:45:52+00:00\",\"dateModified\":\"2023-04-05T17:35:06+00:00\",\"breadcrumb\":{\"@id\":\"https:\/\/jitsuvax.info\/list-of-contributors\/#breadcrumb\"},\"inLanguage\":\"fr-FR\",\"potentialAction\":[{\"@type\":\"ReadAction\",\"target\":[\"https:\/\/jitsuvax.info\/list-of-contributors\/\"]}]},{\"@type\":\"BreadcrumbList\",\"@id\":\"https:\/\/jitsuvax.info\/list-of-contributors\/#breadcrumb\",\"itemListElement\":[{\"@type\":\"ListItem\",\"position\":1,\"name\":\"Home\",\"item\":\"https:\/\/jitsuvax.info\/\"},{\"@type\":\"ListItem\",\"position\":2,\"name\":\"Project Contributors\"}]}]}<\/script>\n<!-- \/ Yoast SEO plugin. -->","yoast_head_json":{"title":"Project Contributors - JITSUVAX","robots":{"index":"index","follow":"follow","max-snippet":"max-snippet:-1","max-image-preview":"max-image-preview:large","max-video-preview":"max-video-preview:-1"},"canonical":"https:\/\/jitsuvax.info\/fr\/list-of-contributors\/","og_locale":"fr_FR","og_type":"article","og_title":"Project Contributors - JITSUVAX","og_description":"List of Contributors Project leader:Stephan Lewandowsky (University of Bristol) Content management:Angelo Fasce (University of Coimbra)Dawn Liu Holford (University of Bristol) Content writing:Amanda Garrison (Regional Observatory of Sant\u00e9 Provence-Alpes-C\u00f4te d&#8217;Azur)Frederike Taubert (University of Erfurt)Ginny Gould (University of Bristol)Linda Karlsson (University of Turku)Marlene Wulf (Max Planck Institute for Human Development)Michelle Barden (University of Bristol)Philipp Schmid (University of [&hellip;]","og_url":"https:\/\/jitsuvax.info\/fr\/list-of-contributors\/","og_site_name":"JITSUVAX","article_modified_time":"2023-04-05T17:35:06+00:00","author":"Angelo Fasce","twitter_card":"summary_large_image","twitter_misc":{"Dur\u00e9e de lecture estim\u00e9e":"1 minute"},"schema":{"@context":"https:\/\/schema.org","@graph":[{"@type":"Organization","@id":"https:\/\/jitsuvax.info\/#organization","name":"Jitsuvax","url":"https:\/\/jitsuvax.info\/","sameAs":[],"logo":{"@type":"ImageObject","inLanguage":"fr-FR","@id":"https:\/\/jitsuvax.info\/#\/schema\/logo\/image\/","url":"https:\/\/jitsuvax.info\/wp-content\/uploads\/2021\/10\/jitsuvax-logo-colourtransparent.png","contentUrl":"https:\/\/jitsuvax.info\/wp-content\/uploads\/2021\/10\/jitsuvax-logo-colourtransparent.png","width":904,"height":380,"caption":"Jitsuvax"},"image":{"@id":"https:\/\/jitsuvax.info\/#\/schema\/logo\/image\/"}},{"@type":"WebSite","@id":"https:\/\/jitsuvax.info\/#website","url":"https:\/\/jitsuvax.info\/","name":"JITSUVAX","description":"Vaccinating against misconceptions to protect global public health","publisher":{"@id":"https:\/\/jitsuvax.info\/#organization"},"potentialAction":[{"@type":"SearchAction","target":{"@type":"EntryPoint","urlTemplate":"https:\/\/jitsuvax.info\/?s={search_term_string}"},"query-input":"required name=search_term_string"}],"inLanguage":"fr-FR"},{"@type":"WebPage","@id":"https:\/\/jitsuvax.info\/list-of-contributors\/#webpage","url":"https:\/\/jitsuvax.info\/list-of-contributors\/","name":"Project Contributors - JITSUVAX","isPartOf":{"@id":"https:\/\/jitsuvax.info\/#website"},"datePublished":"2022-09-05T07:45:52+00:00","dateModified":"2023-04-05T17:35:06+00:00","breadcrumb":{"@id":"https:\/\/jitsuvax.info\/list-of-contributors\/#breadcrumb"},"inLanguage":"fr-FR","potentialAction":[{"@type":"ReadAction","target":["https:\/\/jitsuvax.info\/list-of-contributors\/"]}]},{"@type":"BreadcrumbList","@id":"https:\/\/jitsuvax.info\/list-of-contributors\/#breadcrumb","itemListElement":[{"@type":"ListItem","position":1,"name":"Home","item":"https:\/\/jitsuvax.info\/"},{"@type":"ListItem","position":2,"name":"Project Contributors"}]}]}},"_links":{"self":[{"href":"https:\/\/jitsuvax.info\/fr\/wp-json\/wp\/v2\/pages\/3138","targetHints":{"allow":["GET"]}}],"collection":[{"href":"https:\/\/jitsuvax.info\/fr\/wp-json\/wp\/v2\/pages"}],"about":[{"href":"https:\/\/jitsuvax.info\/fr\/wp-json\/wp\/v2\/types\/page"}],"author":[{"embeddable":true,"href":"https:\/\/jitsuvax.info\/fr\/wp-json\/wp\/v2\/users\/3"}],"replies":[{"embeddable":true,"href":"https:\/\/jitsuvax.info\/fr\/wp-json\/wp\/v2\/comments?post=3138"}],"version-history":[{"count":18,"href":"https:\/\/jitsuvax.info\/fr\/wp-json\/wp\/v2\/pages\/3138\/revisions"}],"predecessor-version":[{"id":3424,"href":"https:\/\/jitsuvax.info\/fr\/wp-json\/wp\/v2\/pages\/3138\/revisions\/3424"}],"wp:attachment":[{"href":"https:\/\/jitsuvax.info\/fr\/wp-json\/wp\/v2\/media?parent=3138"}],"curies":[{"name":"wp","href":"https:\/\/api.w.org\/{rel}","templated":true}]}}