{"id":3385,"date":"2023-04-05T16:56:48","date_gmt":"2023-04-05T16:56:48","guid":{"rendered":"https:\/\/jitsuvax.info\/?page_id=3385"},"modified":"2023-07-18T10:25:35","modified_gmt":"2023-07-18T10:25:35","slug":"the-science-behind-this-website","status":"publish","type":"page","link":"https:\/\/jitsuvax.info\/fr\/the-science-behind-this-website\/","title":{"rendered":""},"content":{"rendered":"<div data-elementor-type=\"wp-page\" data-elementor-id=\"3385\" class=\"elementor elementor-3385\">\n\t\t\t\t\t\t\t\t\t<section data-particle_enable=\"false\" data-particle-mobile-disabled=\"false\" class=\"elementor-section elementor-top-section elementor-element elementor-element-2d7f66b elementor-section-boxed elementor-section-height-default elementor-section-height-default\" data-id=\"2d7f66b\" data-element_type=\"section\" data-settings=\"{&quot;background_background&quot;:&quot;classic&quot;}\">\n\t\t\t\t\t\t<div class=\"elementor-container elementor-column-gap-default\">\n\t\t\t\t\t<div class=\"elementor-column elementor-col-100 elementor-top-column elementor-element elementor-element-6272e18\" data-id=\"6272e18\" data-element_type=\"column\">\n\t\t\t<div class=\"elementor-widget-wrap elementor-element-populated\">\n\t\t\t\t\t\t\t\t<div class=\"elementor-element elementor-element-efb40b7 elementor-widget elementor-widget-heading\" data-id=\"efb40b7\" data-element_type=\"widget\" data-widget_type=\"heading.default\">\n\t\t\t\t<div class=\"elementor-widget-container\">\n\t\t\t<style>\/*! elementor - v3.6.6 - 08-06-2022 *\/\n.elementor-heading-title{padding:0;margin:0;line-height:1}.elementor-widget-heading .elementor-heading-title[class*=elementor-size-]>a{color:inherit;font-size:inherit;line-height:inherit}.elementor-widget-heading .elementor-heading-title.elementor-size-small{font-size:15px}.elementor-widget-heading .elementor-heading-title.elementor-size-medium{font-size:19px}.elementor-widget-heading .elementor-heading-title.elementor-size-large{font-size:29px}.elementor-widget-heading .elementor-heading-title.elementor-size-xl{font-size:39px}.elementor-widget-heading .elementor-heading-title.elementor-size-xxl{font-size:59px}<\/style><h1 class=\"elementor-heading-title elementor-size-default\">Quelles sont les preuves pour...<\/h1>\t\t<\/div>\n\t\t\t\t<\/div>\n\t\t\t\t<div class=\"elementor-element elementor-element-264e30d elementor-widget elementor-widget-text-editor\" data-id=\"264e30d\" data-element_type=\"widget\" data-widget_type=\"text-editor.default\">\n\t\t\t\t<div class=\"elementor-widget-container\">\n\t\t\t<style>\/*! elementor - v3.6.6 - 08-06-2022 *\/\n.elementor-widget-text-editor.elementor-drop-cap-view-stacked .elementor-drop-cap{background-color:#818a91;color:#fff}.elementor-widget-text-editor.elementor-drop-cap-view-framed .elementor-drop-cap{color:#818a91;border:3px solid;background-color:transparent}.elementor-widget-text-editor:not(.elementor-drop-cap-view-default) .elementor-drop-cap{margin-top:8px}.elementor-widget-text-editor:not(.elementor-drop-cap-view-default) .elementor-drop-cap-letter{width:1em;height:1em}.elementor-widget-text-editor .elementor-drop-cap{float:left;text-align:center;line-height:1;font-size:50px}.elementor-widget-text-editor .elementor-drop-cap-letter{display:inline-block}<\/style>\t\t\t\t<h5><strong>... les 11 racines attitudinales ?<\/strong><\/h5>\n<p>Ces racines sont le r\u00e9sultat d'une \u00e9tude approfondie men\u00e9e par l'\u00e9quipe de JITSUVAX, qui a cr\u00e9\u00e9 une \"taxonomie\" des arguments contre la vaccination. Gr\u00e2ce \u00e0 une analyse documentaire syst\u00e9matique de 152 articles scientifiques et \u00e0 une analyse th\u00e9matique de 2 414 arguments contre la vaccination, nous avons \u00e9labor\u00e9 une taxonomie hi\u00e9rarchique des arguments contre la vaccination qui non seulement identifie 62 th\u00e8mes communs et r\u00e9currents, mais aussi, et c'est essentiel, relie les arguments \u00e0 11 racines d'attitudes qui expliquent pourquoi un individu peut exprimer son opposition \u00e0 la vaccination.<\/p>\n<p>Cette taxonomie a \u00e9t\u00e9 valid\u00e9e en termes linguistiques et psychologiques. Tout d'abord, nous avons utilis\u00e9 un ensemble de donn\u00e9es de d\u00e9sinformation anti-vaccinale COVID-19 pour d\u00e9velopper un mod\u00e8le informatique en combinant le codage humain et les algorithmes d'apprentissage automatique. Les codeurs humains ont identifi\u00e9 les racines de l'attitude pour un \u00e9chantillon de 582 affirmations d\u00e9menties sur les vaccinations COVID-19, et le mod\u00e8le de traitement du langage naturel a pr\u00e9dit ces racines assign\u00e9es avec une comp\u00e9tence consid\u00e9rable.<\/p>\n<p>Deuxi\u00e8mement, nous avons recrut\u00e9 1250 participants dans la population g\u00e9n\u00e9rale britannique pour mesurer leur degr\u00e9 d'adh\u00e9sion aux arguments anti-vaccination exprimant les th\u00e8mes de la taxonomie. Une analyse factorielle nous a permis de constater que l'adh\u00e9sion \u00e0 des arguments relevant des 11 racines attitudinales \u00e9tait mieux mod\u00e9lis\u00e9e sous la forme d'une variable unique refl\u00e9tant la force de la croyance des participants dans les arguments anti-vaccination, et que cette force de la croyance \u00e9tait pr\u00e9dite de mani\u00e8re significative par 11 mesures psychologiques bien \u00e9tablies, suppos\u00e9es \u00eatre associ\u00e9es aux racines attitudinales.<\/p>\n<p>En outre, en utilisant toutes les racines attitudinales, nous avons constat\u00e9 qu'elles avaient tendance \u00e0 se regrouper dans des profils de personnalit\u00e9 distincts et nous avons identifi\u00e9 4 profils anti-vaccination et 4 profils pro-vaccination parmi les r\u00e9ponses de nos participants. Cela permet de comprendre comment les racines attitudinales sont li\u00e9es entre elles. En r\u00e9sum\u00e9, cette taxonomie sert de cadre th\u00e9orique valid\u00e9 pour relier l'opposition exprim\u00e9e \u00e0 l'\u00e9gard des vaccins aux processus psychologiques sous-jacents.<\/p>\n<p>This taxonomy has been developed and validated in two scientific articles published in the journals <a href=\"https:\/\/www.nature.com\/articles\/s41562-023-01644-3\"><i>Nature Human Behaviour<\/i><\/a> and <a href=\"https:\/\/www.nature.com\/articles\/s41598-023-30883-7\"><i>Scientific Reports<\/i><\/a>.<\/p>\n<h5><strong>... l'efficacit\u00e9 des r\u00e9ponses sur ce site ?<\/strong><\/h5>\n<p>Les r\u00e9ponses donn\u00e9es sur ce site sont bas\u00e9es sur la m\u00e9thodologie Entretien R\u00e9futationnel Empathique mise au point par l'\u00e9quipe JITSUVAX. Les quatre \u00e9tapes de l'ERE s'appuient sur un grand nombre de recherches scientifiques en psychologie et en sant\u00e9 publique sur la modification des croyances erron\u00e9es, l'acceptation des vaccins et la communication avec les patients.<\/p>\n<p>Le protocole ERE lui-m\u00eame a \u00e9t\u00e9 sp\u00e9cifiquement test\u00e9 en le simulant aupr\u00e8s de pr\u00e8s de 3 000 personnes au Royaume-Uni et aux \u00c9tats-Unis, en particulier ceux qui n'ont pas d'opinion positive sur la vaccination. Les chercheurs de JITSUVAX ont men\u00e9 une s\u00e9rie d'exp\u00e9riences contr\u00f4l\u00e9es randomis\u00e9es en ligne pour tester les composants de l'ERE ind\u00e9pendamment les uns des autres et \u00e9galement en tant qu'ensemble combin\u00e9. Ces exp\u00e9riences ont permis de constater que<\/p>\n<ul>\n<li>Encourager les interlocuteurs \u00e0 parler de leurs inqui\u00e9tudes concernant la vaccination en leur demandant d'expliquer leur raisonnement est une premi\u00e8re \u00e9tape importante et viable : le fait de parler de leur position n\u00e9gative \u00e0 l'\u00e9gard des vaccins n'a pas incit\u00e9 les participants \u00e0 approuver davantage les arguments anti-vaccination. Nous pouvons donc ouvrir la conversation en suscitant des inqui\u00e9tudes sans craindre que les patients ne soient plus ancr\u00e9s dans leur position.<\/li>\n<li>Les participants se sont montr\u00e9s syst\u00e9matiquement plus favorables \u00e0 un m\u00e9decin utilisant la technique bas\u00e9e sur l'ERE qu'\u00e0 un m\u00e9decin r\u00e9futant directement les arguments anti-vaccination (sans affirmer d'abord leur patient) ou se contentant d'affirmer la s\u00e9curit\u00e9 et l'efficacit\u00e9 des vaccins sans affirmation ni adaptation de leur r\u00e9ponse. L'affirmation est donc une \u00e9tape essentielle pour maintenir une relation au cours de la conversation.<\/li>\n<li>Les r\u00e9futations personnalis\u00e9es \u00e9taient plus convaincantes pour les participants, qui \u00e9taient \u00e9galement plus confiants et plus ouverts \u00e0 l'\u00e9gard du m\u00e9decin donnant la r\u00e9futation que si le m\u00e9decin ne personnalisait pas la r\u00e9futation. Cette \u00e9tape permet donc de maintenir la relation et de renforcer la r\u00e9ceptivit\u00e9 \u00e0 la correction de la croyance ainsi qu'aux informations suppl\u00e9mentaires que l'on pourrait souhaiter donner.<\/li>\n<li>Les participants ont plus facilement accept\u00e9 les vaccins apr\u00e8s avoir lu des informations factuelles sur les vaccinations, l'immunit\u00e9 collective et les risques d'une maladie, accompagn\u00e9es d'illustrations. Nos propres conclusions font \u00e9cho \u00e0 des d\u00e9cennies de recherches ant\u00e9rieures qui ont \u00e9galement montr\u00e9 que lorsque les gens comprennent ces faits, leur acceptation des vaccins tend \u00e0 augmenter.<\/li>\n<li>Dans l'ensemble, l'ERE s'est av\u00e9r\u00e9 le meilleur moyen, par rapport \u00e0 diverses conditions de contr\u00f4le, de r\u00e9duire la force des arguments anti-vaccination, d'accro\u00eetre l'acceptation des vaccins et de susciter le soutien, la confiance et la r\u00e9ceptivit\u00e9 \u00e0 l'\u00e9gard du m\u00e9decin avec lequel on s'entretient.<\/li>\n<\/ul>\n<p>L'ERE a \u00e9galement \u00e9t\u00e9 test\u00e9 dans le cadre d'une exp\u00e9rience contr\u00f4l\u00e9e randomis\u00e9e avec 201 professionnels de la sant\u00e9 du Royaume-Uni et 120 de Finlande afin d'\u00e9valuer leur r\u00e9action \u00e0 la technique. Les chercheurs de JITSUVAX ont pr\u00e9sent\u00e9 aux participants des sc\u00e9narios textuels mettant en sc\u00e8ne un professionnel de la sant\u00e9 et un patient (ou un soignant) interagissant soit \u00e0 l'aide de l'ERE, soit \u00e0 l'aide de sc\u00e9narios de contr\u00f4le dans lesquels le professionnel de la sant\u00e9 se contentait de donner au patient\/soignant des informations sur la vaccination.<\/p>\n<p>Les participants \u00e0 l'\u00e9tude ont estim\u00e9 que les professionnels de la sant\u00e9 qui utilisaient l'ERE g\u00e9raient mieux la conversation avec le patient que les professionnels de la sant\u00e9 qui se contentaient de donner des faits. Lorsqu'on leur a demand\u00e9 de d\u00e9crire la mani\u00e8re dont ils aborderaient une discussion avec des patients ayant les m\u00eames pr\u00e9occupations en mati\u00e8re de vaccination, les participants qui ont lu l'ERE ont plus souvent d\u00e9crit une attitude empathique et positive \u00e0 l'\u00e9gard des patients que les participants qui ont lu l'approche fond\u00e9e uniquement sur les faits.<\/p>\n<p>L'ERE fait l'objet d'essais sur le terrain en 2023\/2024.<\/p>\n<p>De plus amples informations sur JITSUVAX sont disponibles ici <a href=\"https:\/\/jitsuvax.github.io\/index.html\" target=\"_blank\" rel=\"noopener\">ici<\/a>.<\/p>\n<p>Les rapports sur nos travaux sont disponibles ici <a href=\"https:\/\/jitsuvax.github.io\/deliverables.html\" target=\"_blank\" rel=\"noopener\">ici<\/a>.<\/p>\n<p>Nos publications scientifiques sont list\u00e9es ici <a href=\"https:\/\/jitsuvax.github.io\/publications.html\" target=\"_blank\" rel=\"noopener\">ici<\/a>.<\/p>\t\t\t\t\t\t<\/div>\n\t\t\t\t<\/div>\n\t\t\t\t\t<\/div>\n\t\t<\/div>\n\t\t\t\t\t\t\t<\/div>\n\t\t<\/section>\n\t\t\t\t\t\t\t<\/div>","protected":false},"excerpt":{"rendered":"<p>What is the evidence for&#8230; \u2026the 11 attitude roots The roots are the result of an extensive study by the JITSUVAX team, who created a \u2018taxonomy\u2019 of arguments against vaccination. Through a systematic literature review of 152 scientific articles and thematic analysis of 2,414 anti-vaccination arguments, we developed a hierarchical taxonomy of anti-vaccination arguments that [&hellip;]<\/p>","protected":false},"author":3,"featured_media":0,"parent":0,"menu_order":0,"comment_status":"closed","ping_status":"closed","template":"","meta":{"footnotes":""},"class_list":["post-3385","page","type-page","status-publish","hentry"],"acf":[],"yoast_head":"<!-- This site is optimized with the Yoast SEO plugin v19.2 - https:\/\/yoast.com\/wordpress\/plugins\/seo\/ -->\n<title>- JITSUVAX<\/title>\n<meta name=\"robots\" content=\"index, follow, max-snippet:-1, max-image-preview:large, max-video-preview:-1\" \/>\n<link rel=\"canonical\" href=\"https:\/\/jitsuvax.info\/fr\/the-science-behind-this-website\/\" \/>\n<meta property=\"og:locale\" content=\"fr_FR\" \/>\n<meta property=\"og:type\" content=\"article\" \/>\n<meta property=\"og:title\" content=\"- JITSUVAX\" \/>\n<meta property=\"og:description\" content=\"What is the evidence for&#8230; \u2026the 11 attitude roots The roots are the result of an extensive study by the JITSUVAX team, who created a \u2018taxonomy\u2019 of arguments against vaccination. Through a systematic literature review of 152 scientific articles and thematic analysis of 2,414 anti-vaccination arguments, we developed a hierarchical taxonomy of anti-vaccination arguments that [&hellip;]\" \/>\n<meta property=\"og:url\" content=\"https:\/\/jitsuvax.info\/fr\/the-science-behind-this-website\/\" \/>\n<meta property=\"og:site_name\" content=\"JITSUVAX\" \/>\n<meta property=\"article:modified_time\" content=\"2023-07-18T10:25:35+00:00\" \/>\n<meta name=\"author\" content=\"Angelo Fasce\" \/>\n<meta name=\"twitter:card\" content=\"summary_large_image\" \/>\n<meta name=\"twitter:label1\" content=\"Dur\u00e9e de lecture estim\u00e9e\" \/>\n\t<meta name=\"twitter:data1\" content=\"4 minutes\" \/>\n<script type=\"application\/ld+json\" class=\"yoast-schema-graph\">{\"@context\":\"https:\/\/schema.org\",\"@graph\":[{\"@type\":\"Organization\",\"@id\":\"https:\/\/jitsuvax.info\/#organization\",\"name\":\"Jitsuvax\",\"url\":\"https:\/\/jitsuvax.info\/\",\"sameAs\":[],\"logo\":{\"@type\":\"ImageObject\",\"inLanguage\":\"fr-FR\",\"@id\":\"https:\/\/jitsuvax.info\/#\/schema\/logo\/image\/\",\"url\":\"https:\/\/jitsuvax.info\/wp-content\/uploads\/2021\/10\/jitsuvax-logo-colourtransparent.png\",\"contentUrl\":\"https:\/\/jitsuvax.info\/wp-content\/uploads\/2021\/10\/jitsuvax-logo-colourtransparent.png\",\"width\":904,\"height\":380,\"caption\":\"Jitsuvax\"},\"image\":{\"@id\":\"https:\/\/jitsuvax.info\/#\/schema\/logo\/image\/\"}},{\"@type\":\"WebSite\",\"@id\":\"https:\/\/jitsuvax.info\/#website\",\"url\":\"https:\/\/jitsuvax.info\/\",\"name\":\"JITSUVAX\",\"description\":\"Vaccinating against misconceptions to protect global public health\",\"publisher\":{\"@id\":\"https:\/\/jitsuvax.info\/#organization\"},\"potentialAction\":[{\"@type\":\"SearchAction\",\"target\":{\"@type\":\"EntryPoint\",\"urlTemplate\":\"https:\/\/jitsuvax.info\/?s={search_term_string}\"},\"query-input\":\"required name=search_term_string\"}],\"inLanguage\":\"fr-FR\"},{\"@type\":\"WebPage\",\"@id\":\"https:\/\/jitsuvax.info\/the-science-behind-this-website\/#webpage\",\"url\":\"https:\/\/jitsuvax.info\/the-science-behind-this-website\/\",\"name\":\"- JITSUVAX\",\"isPartOf\":{\"@id\":\"https:\/\/jitsuvax.info\/#website\"},\"datePublished\":\"2023-04-05T16:56:48+00:00\",\"dateModified\":\"2023-07-18T10:25:35+00:00\",\"breadcrumb\":{\"@id\":\"https:\/\/jitsuvax.info\/the-science-behind-this-website\/#breadcrumb\"},\"inLanguage\":\"fr-FR\",\"potentialAction\":[{\"@type\":\"ReadAction\",\"target\":[\"https:\/\/jitsuvax.info\/the-science-behind-this-website\/\"]}]},{\"@type\":\"BreadcrumbList\",\"@id\":\"https:\/\/jitsuvax.info\/the-science-behind-this-website\/#breadcrumb\",\"itemListElement\":[{\"@type\":\"ListItem\",\"position\":1,\"name\":\"Home\",\"item\":\"https:\/\/jitsuvax.info\/\"},{\"@type\":\"ListItem\",\"position\":2,\"name\":\"\"}]}]}<\/script>\n<!-- \/ Yoast SEO plugin. -->","yoast_head_json":{"title":"- JITSUVAX","robots":{"index":"index","follow":"follow","max-snippet":"max-snippet:-1","max-image-preview":"max-image-preview:large","max-video-preview":"max-video-preview:-1"},"canonical":"https:\/\/jitsuvax.info\/fr\/the-science-behind-this-website\/","og_locale":"fr_FR","og_type":"article","og_title":"- JITSUVAX","og_description":"What is the evidence for&#8230; \u2026the 11 attitude roots The roots are the result of an extensive study by the JITSUVAX team, who created a \u2018taxonomy\u2019 of arguments against vaccination. Through a systematic literature review of 152 scientific articles and thematic analysis of 2,414 anti-vaccination arguments, we developed a hierarchical taxonomy of anti-vaccination arguments that [&hellip;]","og_url":"https:\/\/jitsuvax.info\/fr\/the-science-behind-this-website\/","og_site_name":"JITSUVAX","article_modified_time":"2023-07-18T10:25:35+00:00","author":"Angelo Fasce","twitter_card":"summary_large_image","twitter_misc":{"Dur\u00e9e de lecture estim\u00e9e":"4 minutes"},"schema":{"@context":"https:\/\/schema.org","@graph":[{"@type":"Organization","@id":"https:\/\/jitsuvax.info\/#organization","name":"Jitsuvax","url":"https:\/\/jitsuvax.info\/","sameAs":[],"logo":{"@type":"ImageObject","inLanguage":"fr-FR","@id":"https:\/\/jitsuvax.info\/#\/schema\/logo\/image\/","url":"https:\/\/jitsuvax.info\/wp-content\/uploads\/2021\/10\/jitsuvax-logo-colourtransparent.png","contentUrl":"https:\/\/jitsuvax.info\/wp-content\/uploads\/2021\/10\/jitsuvax-logo-colourtransparent.png","width":904,"height":380,"caption":"Jitsuvax"},"image":{"@id":"https:\/\/jitsuvax.info\/#\/schema\/logo\/image\/"}},{"@type":"WebSite","@id":"https:\/\/jitsuvax.info\/#website","url":"https:\/\/jitsuvax.info\/","name":"JITSUVAX","description":"Vaccinating against misconceptions to protect global public health","publisher":{"@id":"https:\/\/jitsuvax.info\/#organization"},"potentialAction":[{"@type":"SearchAction","target":{"@type":"EntryPoint","urlTemplate":"https:\/\/jitsuvax.info\/?s={search_term_string}"},"query-input":"required name=search_term_string"}],"inLanguage":"fr-FR"},{"@type":"WebPage","@id":"https:\/\/jitsuvax.info\/the-science-behind-this-website\/#webpage","url":"https:\/\/jitsuvax.info\/the-science-behind-this-website\/","name":"- JITSUVAX","isPartOf":{"@id":"https:\/\/jitsuvax.info\/#website"},"datePublished":"2023-04-05T16:56:48+00:00","dateModified":"2023-07-18T10:25:35+00:00","breadcrumb":{"@id":"https:\/\/jitsuvax.info\/the-science-behind-this-website\/#breadcrumb"},"inLanguage":"fr-FR","potentialAction":[{"@type":"ReadAction","target":["https:\/\/jitsuvax.info\/the-science-behind-this-website\/"]}]},{"@type":"BreadcrumbList","@id":"https:\/\/jitsuvax.info\/the-science-behind-this-website\/#breadcrumb","itemListElement":[{"@type":"ListItem","position":1,"name":"Home","item":"https:\/\/jitsuvax.info\/"},{"@type":"ListItem","position":2,"name":""}]}]}},"_links":{"self":[{"href":"https:\/\/jitsuvax.info\/fr\/wp-json\/wp\/v2\/pages\/3385","targetHints":{"allow":["GET"]}}],"collection":[{"href":"https:\/\/jitsuvax.info\/fr\/wp-json\/wp\/v2\/pages"}],"about":[{"href":"https:\/\/jitsuvax.info\/fr\/wp-json\/wp\/v2\/types\/page"}],"author":[{"embeddable":true,"href":"https:\/\/jitsuvax.info\/fr\/wp-json\/wp\/v2\/users\/3"}],"replies":[{"embeddable":true,"href":"https:\/\/jitsuvax.info\/fr\/wp-json\/wp\/v2\/comments?post=3385"}],"version-history":[{"count":37,"href":"https:\/\/jitsuvax.info\/fr\/wp-json\/wp\/v2\/pages\/3385\/revisions"}],"predecessor-version":[{"id":3585,"href":"https:\/\/jitsuvax.info\/fr\/wp-json\/wp\/v2\/pages\/3385\/revisions\/3585"}],"wp:attachment":[{"href":"https:\/\/jitsuvax.info\/fr\/wp-json\/wp\/v2\/media?parent=3385"}],"curies":[{"name":"wp","href":"https:\/\/api.w.org\/{rel}","templated":true}]}}