{"id":3385,"date":"2023-04-05T16:56:48","date_gmt":"2023-04-05T16:56:48","guid":{"rendered":"https:\/\/jitsuvax.info\/?page_id=3385"},"modified":"2023-07-18T10:25:35","modified_gmt":"2023-07-18T10:25:35","slug":"the-science-behind-this-website","status":"publish","type":"page","link":"https:\/\/jitsuvax.info\/ro\/the-science-behind-this-website\/","title":{"rendered":""},"content":{"rendered":"<div data-elementor-type=\"wp-page\" data-elementor-id=\"3385\" class=\"elementor elementor-3385\">\n\t\t\t\t\t\t\t\t\t<section data-particle_enable=\"false\" data-particle-mobile-disabled=\"false\" class=\"elementor-section elementor-top-section elementor-element elementor-element-2d7f66b elementor-section-boxed elementor-section-height-default elementor-section-height-default\" data-id=\"2d7f66b\" data-element_type=\"section\" data-settings=\"{&quot;background_background&quot;:&quot;classic&quot;}\">\n\t\t\t\t\t\t<div class=\"elementor-container elementor-column-gap-default\">\n\t\t\t\t\t<div class=\"elementor-column elementor-col-100 elementor-top-column elementor-element elementor-element-6272e18\" data-id=\"6272e18\" data-element_type=\"column\">\n\t\t\t<div class=\"elementor-widget-wrap elementor-element-populated\">\n\t\t\t\t\t\t\t\t<div class=\"elementor-element elementor-element-efb40b7 elementor-widget elementor-widget-heading\" data-id=\"efb40b7\" data-element_type=\"widget\" data-widget_type=\"heading.default\">\n\t\t\t\t<div class=\"elementor-widget-container\">\n\t\t\t<style>\/*! elementor - v3.6.6 - 08-06-2022 *\/\n.elementor-heading-title{padding:0;margin:0;line-height:1}.elementor-widget-heading .elementor-heading-title[class*=elementor-size-]>a{color:inherit;font-size:inherit;line-height:inherit}.elementor-widget-heading .elementor-heading-title.elementor-size-small{font-size:15px}.elementor-widget-heading .elementor-heading-title.elementor-size-medium{font-size:19px}.elementor-widget-heading .elementor-heading-title.elementor-size-large{font-size:29px}.elementor-widget-heading .elementor-heading-title.elementor-size-xl{font-size:39px}.elementor-widget-heading .elementor-heading-title.elementor-size-xxl{font-size:59px}<\/style><h1 class=\"elementor-heading-title elementor-size-default\">CARE SUNT DOVEZILE PENTRU...<\/h1>\t\t<\/div>\n\t\t\t\t<\/div>\n\t\t\t\t<div class=\"elementor-element elementor-element-264e30d elementor-widget elementor-widget-text-editor\" data-id=\"264e30d\" data-element_type=\"widget\" data-widget_type=\"text-editor.default\">\n\t\t\t\t<div class=\"elementor-widget-container\">\n\t\t\t<style>\/*! elementor - v3.6.6 - 08-06-2022 *\/\n.elementor-widget-text-editor.elementor-drop-cap-view-stacked .elementor-drop-cap{background-color:#818a91;color:#fff}.elementor-widget-text-editor.elementor-drop-cap-view-framed .elementor-drop-cap{color:#818a91;border:3px solid;background-color:transparent}.elementor-widget-text-editor:not(.elementor-drop-cap-view-default) .elementor-drop-cap{margin-top:8px}.elementor-widget-text-editor:not(.elementor-drop-cap-view-default) .elementor-drop-cap-letter{width:1em;height:1em}.elementor-widget-text-editor .elementor-drop-cap{float:left;text-align:center;line-height:1;font-size:50px}.elementor-widget-text-editor .elementor-drop-cap-letter{display:inline-block}<\/style>\t\t\t\t<h5><strong>...cele 11 origini atitudinale<\/strong><\/h5>\n<p>Originile sunt rezultatul unui studiu amplu realizat de echipa JITSUVAX, care a elaborat o \"taxonomie\" a argumentelor \u00eempotriva vaccin\u0103rii. Printr-o analiz\u0103 sistematic\u0103 a literaturii de specialitate a 152 de articole \u0219tiin\u021bifice \u0219i o analiz\u0103 tematic\u0103 a 2.414 argumente anti-vaccinare, am dezvoltat o taxonomie ierarhic\u0103 a argumentelor anti-vaccinare care nu numai c\u0103 identific\u0103 62 de teme comune \u0219i recurente, dar, \u00een mod crucial, le asociaz\u0103 cu 11 origini ale atitudinilor care explic\u0103 de ce un individ ar putea exprima opozi\u021bia fa\u021b\u0103 de vaccinare.<\/p>\n<p>Aceast\u0103 clasificare a fost validat\u0103 at\u00e2t din punct de vedere lingvistic, c\u00e2t \u0219i psihologic. \u00cen primul r\u00e2nd, am utilizat un set de date de dezinformare anti-vaccin COVID-19 pentru a dezvolta un model computerizat, utiliz\u00e2nd o combina\u021bie de codificare uman\u0103 \u0219i algoritmi de \u00eenv\u0103\u021bare automat\u0103. Codificatorii umani au identificat cauzele atitudinale pentru un e\u0219antion de 582 de afirma\u021bii dezmin\u021bite despre vaccin\u0103rile COVID-19, iar modelul de procesare a limbajului natural a prezis aceste origini cu o precizie semnificativ\u0103.<\/p>\n<p>\u00cen al doilea r\u00e2nd, am recrutat 1.250 de participan\u021bi din popula\u021bia general\u0103 a Marii Britanii pentru a m\u0103sura \u00een ce m\u0103sur\u0103 ace\u0219tia sus\u021bineau argumentele anti-vaccinare care exprim\u0103 temele din taxonomie. Prin intermediul unei analize factoriale, am constatat c\u0103 aprobarea argumentelor din cele 11 origini atitudinale a fost cel mai bine reprezentat\u0103 ca o singur\u0103 variabil\u0103, care reflect\u0103 puterea credin\u021bei participan\u021bilor \u00een argumentele anti-vaccinare. Aceast\u0103 putere a credin\u021bei a fost semnificativ prezis\u0103 de c\u0103tre 11 m\u0103suri psihologice bine stabilite, care se a\u0219tepta s\u0103 fie asociate cu originile atitudinale.<\/p>\n<p>\u00cen plus, prin utilizarea tuturor originilor atitudinale, am observat c\u0103 acestea tindeau s\u0103 se grupeze \u00een profiluri distincte de personalitate, identific\u00e2nd astfel 4 profiluri anti-vaccinare \u0219i 4 profiluri pro-vaccinare \u00een r\u0103spunsurile participan\u021bilor la m\u0103surile psihologice. Acest lucru contribuie la \u00een\u021belegerea modului \u00een care originile atitudinale sunt corelate. \u00cen concluzie, aceast\u0103 taxonomie ofer\u0103 un cadru teoretic validat pentru a conecta opozi\u021bia fa\u021b\u0103 de vaccinuri la procesele psihologice, care stau la baza acestora.<\/p>\n<p>Aceast\u0103 taxonomie a fost dezvoltat\u0103 \u0219i validat\u0103 \u00een dou\u0103 articole \u0219tiin\u021bifice publicate \u00een revistele <a href=\"https:\/\/www.nature.com\/articles\/s41562-023-01644-3\"><i>Nature Human Behaviour<\/i><\/a> \u0219i <a href=\"https:\/\/www.nature.com\/articles\/s41598-023-30883-7\"><i>Scientific Reports<\/i><\/a>.<\/p>\n<h5><strong>...eficien\u021ba r\u0103spunsurilor de pe acest site?<\/strong><\/h5>\n<p>R\u0103spunsurile de pe acest site se bazeaz\u0103 pe metodologia de Interviul de Argumentare Empatic\u0103, dezvoltat\u0103 de echipa JITSUVAX. Cei patru pa\u0219i ai IAE se bazeaz\u0103 pe un volum mare de cercet\u0103ri \u0219tiin\u021bifice din domeniul psihologiei \u0219i al s\u0103n\u0103t\u0103\u021bii publice privind schimbarea convingerilor dezinformate, acceptarea vaccinurilor \u0219i comunicarea cu pacien\u021bii.<\/p>\n<p>Protocolul IAE \u00een sine a fost testat \u00een mod special prin simularea acestuia cu aproape 3.000 de membri ai publicului din Marea Britanie \u0219i SUA, \u00een special cu cei care nu au opinii pozitive \u00een ceea ce prive\u0219te vaccinarea. Cercet\u0103torii de la JITSUVAX au efectuat o serie de experimente controlate randomizate online pentru a testa componentele IAE \u00een mod independent \u0219i, de asemenea, \u00eentr-un context de utilizare combinat\u0103. Aceste experimente au constatat c\u0103:<\/p>\n<ul>\n<li>Explicarea preocup\u0103rilor legate de vaccinare prin solicitarea participan\u021bilor de a-\u0219i explica ra\u021bionamentul este un prim pas important \u0219i viabil: faptul de a vorbi despre pozi\u021bia lor negativ\u0103 fa\u021b\u0103 de vaccinuri nu i-a f\u0103cut pe participan\u021bi s\u0103 aprobe mai mult argumentele anti-vaccinare. Astfel, putem deschide conversa\u021bia prin elicitarea preocup\u0103rilor f\u0103r\u0103 a ne \u00eengrijora c\u0103 pacien\u021bii ar fi mai \u00eenr\u0103d\u0103cina\u021bi \u00een pozi\u021bia lor.<\/li>\n<li>Participan\u021bii au prezentat \u00een mod constant o mai mare sus\u021binere pentru un medic care a folosit tehnica bazat\u0103 pe IAE dec\u00e2t pentru un medic care a respins direct argumentele anti-vaccinare (f\u0103r\u0103 a confirma mai \u00eent\u00e2i preocup\u0103rile pacientului) sau care a furnizat doar o declara\u021bie simpl\u0103 despre siguran\u021ba \u0219i eficacitatea vaccinurilor f\u0103r\u0103 a utiliza o afirma\u021bie empatic\u0103 sau adapta r\u0103spunsul. Afirmarea empatic\u0103 reprezint\u0103 astfel un pas esen\u021bial pentru men\u021binerea rela\u021biei \u00een timpul conversa\u021biei.<\/li>\n<li>Contra-argumentele personalizate au fost mai conving\u0103toare pentru participan\u021bi, care au fost, de asemenea, mai \u00eencrez\u0103tori \u0219i mai deschi\u0219i fa\u021b\u0103 de medicul care le d\u0103dea contra-argumentele dec\u00e2t \u00een cazul \u00een care medicul nu a adaptat contra-argumentarea. Acest pas ajut\u0103 astfel la men\u021binerea rela\u021biei \u0219i la construirea receptivit\u0103\u021bii fa\u021b\u0103 de corectarea convingerilor, precum \u0219i fa\u021b\u0103 de informa\u021biile suplimentare pe care cineva ar putea dori s\u0103 le ofere.<\/li>\n<li>Participan\u021bii \u0219i-au sporit nivelul de acceptare a vaccinurilor dup\u0103 ce au citit informa\u021bii factuale despre vaccinare, imunitatea colectiv\u0103 \u0219i riscurile asociate unei boli, \u00eenso\u021bite de ilustra\u021bii. Aceste constat\u0103ri reflect\u0103 descoperirile multor decenii de cercet\u0103ri anterioare care au ar\u0103tat c\u0103, atunci c\u00e2nd oamenii \u00een\u021beleg aceste informa\u021bii, tendin\u021ba lor de a accepta vaccinurile cre\u0219te.<\/li>\n<li>\u00cen general, abordarea IAE s-a dovedit a fi cea mai eficient\u0103, \u00een compara\u021bie cu diversele condi\u021bii de control, \u00een ceea ce prive\u0219te reducerea puterii convingerilor anti-vaccinare ale oamenilor, cre\u0219terea accept\u0103rii vaccinului, gener\u00e2nd \u00een acela\u0219i timp sprijin, \u00eencredere \u0219i receptivitate fa\u021b\u0103 de medicul care a purtat conversa\u021bia.<\/li>\n<\/ul>\n<p>De asemenea, abordarea IAE a fost supus\u0103 unui experiment controlat \u0219i randomizat cu 201 profesioni\u0219ti din domeniul s\u0103n\u0103t\u0103\u021bii din Marea Britanie \u0219i 120 din Finlanda, pentru a evalua reac\u021bia acestora la aceast\u0103 tehnic\u0103. Cercet\u0103torii de la JITSUVAX le-au prezentat participan\u021bilor scenarii de text \u00een care un profesionist din domeniul s\u0103n\u0103t\u0103\u021bii interac\u021biona cu un pacient (sau cu un apar\u021bin\u0103tor) folosind fie abordarea IAE, fie scenarii de control \u00een care profesionistul furniza doar informa\u021bii despre vaccinare pacien\u021bilor sau apar\u021bin\u0103torilor.<\/p>\n<p>Participan\u021bii la studiu au considerat c\u0103 profesioni\u0219tii din domeniul s\u0103n\u0103t\u0103\u021bii care au folosit IAE au gestionat mai bine conversa\u021bia cu pacientul dec\u00e2t aceia dintre ei care au oferit doar informa\u021bii. Atunci c\u00e2nd li s-a cerut s\u0103 descrie cum ar aborda o discu\u021bie cu pacien\u021bii care aveau preocup\u0103ri similare legate de vaccinare, participan\u021bii care au citit despre IAE au descris mai des faptul c\u0103 au fost empatici \u0219i afirmativi cu pacien\u021bii dec\u00e2t participan\u021bii care au citit despre abordarea bazat\u0103 doar pe informa\u021bii.<\/p>\n<p>Este planificat ca IAE s\u0103 fie supus unor teste pe teren \u00een 2023\/2024.<\/p>\n<p>Informa\u021bii suplimentare despre JITSUVAX pot fi g\u0103site <a href=\"https:\/\/jitsuvax.github.io\/index.html\" target=\"_blank\" rel=\"noopener\">aici<\/a>.<\/p>\n<p>Rapoartele privind activitatea noastr\u0103 sunt disponibile <a href=\"https:\/\/jitsuvax.github.io\/deliverables.html\" target=\"_blank\" rel=\"noopener\">aici<\/a>.<\/p>\n<p>Publica\u021biile noastre \u0219tiin\u021bifice sunt enumerate <a href=\"https:\/\/jitsuvax.github.io\/publications.html\" target=\"_blank\" rel=\"noopener\">aici<\/a>.<\/p>\t\t\t\t\t\t<\/div>\n\t\t\t\t<\/div>\n\t\t\t\t\t<\/div>\n\t\t<\/div>\n\t\t\t\t\t\t\t<\/div>\n\t\t<\/section>\n\t\t\t\t\t\t\t<\/div>","protected":false},"excerpt":{"rendered":"<p>What is the evidence for&#8230; \u2026the 11 attitude roots The roots are the result of an extensive study by the JITSUVAX team, who created a \u2018taxonomy\u2019 of arguments against vaccination. Through a systematic literature review of 152 scientific articles and thematic analysis of 2,414 anti-vaccination arguments, we developed a hierarchical taxonomy of anti-vaccination arguments that [&hellip;]<\/p>","protected":false},"author":3,"featured_media":0,"parent":0,"menu_order":0,"comment_status":"closed","ping_status":"closed","template":"","meta":{"footnotes":""},"class_list":["post-3385","page","type-page","status-publish","hentry"],"acf":[],"yoast_head":"<!-- This site is optimized with the Yoast SEO plugin v19.2 - https:\/\/yoast.com\/wordpress\/plugins\/seo\/ -->\n<title>- JITSUVAX<\/title>\n<meta name=\"robots\" content=\"index, follow, max-snippet:-1, max-image-preview:large, max-video-preview:-1\" \/>\n<link rel=\"canonical\" href=\"https:\/\/jitsuvax.info\/ro\/the-science-behind-this-website\/\" \/>\n<meta property=\"og:locale\" content=\"ro_RO\" \/>\n<meta property=\"og:type\" content=\"article\" \/>\n<meta property=\"og:title\" content=\"- JITSUVAX\" \/>\n<meta property=\"og:description\" content=\"What is the evidence for&#8230; \u2026the 11 attitude roots The roots are the result of an extensive study by the JITSUVAX team, who created a \u2018taxonomy\u2019 of arguments against vaccination. Through a systematic literature review of 152 scientific articles and thematic analysis of 2,414 anti-vaccination arguments, we developed a hierarchical taxonomy of anti-vaccination arguments that [&hellip;]\" \/>\n<meta property=\"og:url\" content=\"https:\/\/jitsuvax.info\/ro\/the-science-behind-this-website\/\" \/>\n<meta property=\"og:site_name\" content=\"JITSUVAX\" \/>\n<meta property=\"article:modified_time\" content=\"2023-07-18T10:25:35+00:00\" \/>\n<meta name=\"author\" content=\"Angelo Fasce\" \/>\n<meta name=\"twitter:card\" content=\"summary_large_image\" \/>\n<meta name=\"twitter:label1\" content=\"Timp estimat pentru citire\" \/>\n\t<meta name=\"twitter:data1\" content=\"4 minute\" \/>\n<script type=\"application\/ld+json\" class=\"yoast-schema-graph\">{\"@context\":\"https:\/\/schema.org\",\"@graph\":[{\"@type\":\"Organization\",\"@id\":\"https:\/\/jitsuvax.info\/#organization\",\"name\":\"Jitsuvax\",\"url\":\"https:\/\/jitsuvax.info\/\",\"sameAs\":[],\"logo\":{\"@type\":\"ImageObject\",\"inLanguage\":\"ro-RO\",\"@id\":\"https:\/\/jitsuvax.info\/#\/schema\/logo\/image\/\",\"url\":\"https:\/\/jitsuvax.info\/wp-content\/uploads\/2021\/10\/jitsuvax-logo-colourtransparent.png\",\"contentUrl\":\"https:\/\/jitsuvax.info\/wp-content\/uploads\/2021\/10\/jitsuvax-logo-colourtransparent.png\",\"width\":904,\"height\":380,\"caption\":\"Jitsuvax\"},\"image\":{\"@id\":\"https:\/\/jitsuvax.info\/#\/schema\/logo\/image\/\"}},{\"@type\":\"WebSite\",\"@id\":\"https:\/\/jitsuvax.info\/#website\",\"url\":\"https:\/\/jitsuvax.info\/\",\"name\":\"JITSUVAX\",\"description\":\"Vaccinating against misconceptions to protect global public health\",\"publisher\":{\"@id\":\"https:\/\/jitsuvax.info\/#organization\"},\"potentialAction\":[{\"@type\":\"SearchAction\",\"target\":{\"@type\":\"EntryPoint\",\"urlTemplate\":\"https:\/\/jitsuvax.info\/?s={search_term_string}\"},\"query-input\":\"required name=search_term_string\"}],\"inLanguage\":\"ro-RO\"},{\"@type\":\"WebPage\",\"@id\":\"https:\/\/jitsuvax.info\/the-science-behind-this-website\/#webpage\",\"url\":\"https:\/\/jitsuvax.info\/the-science-behind-this-website\/\",\"name\":\"- JITSUVAX\",\"isPartOf\":{\"@id\":\"https:\/\/jitsuvax.info\/#website\"},\"datePublished\":\"2023-04-05T16:56:48+00:00\",\"dateModified\":\"2023-07-18T10:25:35+00:00\",\"breadcrumb\":{\"@id\":\"https:\/\/jitsuvax.info\/the-science-behind-this-website\/#breadcrumb\"},\"inLanguage\":\"ro-RO\",\"potentialAction\":[{\"@type\":\"ReadAction\",\"target\":[\"https:\/\/jitsuvax.info\/the-science-behind-this-website\/\"]}]},{\"@type\":\"BreadcrumbList\",\"@id\":\"https:\/\/jitsuvax.info\/the-science-behind-this-website\/#breadcrumb\",\"itemListElement\":[{\"@type\":\"ListItem\",\"position\":1,\"name\":\"Home\",\"item\":\"https:\/\/jitsuvax.info\/\"},{\"@type\":\"ListItem\",\"position\":2,\"name\":\"\"}]}]}<\/script>\n<!-- \/ Yoast SEO plugin. -->","yoast_head_json":{"title":"- JITSUVAX","robots":{"index":"index","follow":"follow","max-snippet":"max-snippet:-1","max-image-preview":"max-image-preview:large","max-video-preview":"max-video-preview:-1"},"canonical":"https:\/\/jitsuvax.info\/ro\/the-science-behind-this-website\/","og_locale":"ro_RO","og_type":"article","og_title":"- JITSUVAX","og_description":"What is the evidence for&#8230; \u2026the 11 attitude roots The roots are the result of an extensive study by the JITSUVAX team, who created a \u2018taxonomy\u2019 of arguments against vaccination. Through a systematic literature review of 152 scientific articles and thematic analysis of 2,414 anti-vaccination arguments, we developed a hierarchical taxonomy of anti-vaccination arguments that [&hellip;]","og_url":"https:\/\/jitsuvax.info\/ro\/the-science-behind-this-website\/","og_site_name":"JITSUVAX","article_modified_time":"2023-07-18T10:25:35+00:00","author":"Angelo Fasce","twitter_card":"summary_large_image","twitter_misc":{"Timp estimat pentru citire":"4 minute"},"schema":{"@context":"https:\/\/schema.org","@graph":[{"@type":"Organization","@id":"https:\/\/jitsuvax.info\/#organization","name":"Jitsuvax","url":"https:\/\/jitsuvax.info\/","sameAs":[],"logo":{"@type":"ImageObject","inLanguage":"ro-RO","@id":"https:\/\/jitsuvax.info\/#\/schema\/logo\/image\/","url":"https:\/\/jitsuvax.info\/wp-content\/uploads\/2021\/10\/jitsuvax-logo-colourtransparent.png","contentUrl":"https:\/\/jitsuvax.info\/wp-content\/uploads\/2021\/10\/jitsuvax-logo-colourtransparent.png","width":904,"height":380,"caption":"Jitsuvax"},"image":{"@id":"https:\/\/jitsuvax.info\/#\/schema\/logo\/image\/"}},{"@type":"WebSite","@id":"https:\/\/jitsuvax.info\/#website","url":"https:\/\/jitsuvax.info\/","name":"JITSUVAX","description":"Vaccinating against misconceptions to protect global public health","publisher":{"@id":"https:\/\/jitsuvax.info\/#organization"},"potentialAction":[{"@type":"SearchAction","target":{"@type":"EntryPoint","urlTemplate":"https:\/\/jitsuvax.info\/?s={search_term_string}"},"query-input":"required name=search_term_string"}],"inLanguage":"ro-RO"},{"@type":"WebPage","@id":"https:\/\/jitsuvax.info\/the-science-behind-this-website\/#webpage","url":"https:\/\/jitsuvax.info\/the-science-behind-this-website\/","name":"- JITSUVAX","isPartOf":{"@id":"https:\/\/jitsuvax.info\/#website"},"datePublished":"2023-04-05T16:56:48+00:00","dateModified":"2023-07-18T10:25:35+00:00","breadcrumb":{"@id":"https:\/\/jitsuvax.info\/the-science-behind-this-website\/#breadcrumb"},"inLanguage":"ro-RO","potentialAction":[{"@type":"ReadAction","target":["https:\/\/jitsuvax.info\/the-science-behind-this-website\/"]}]},{"@type":"BreadcrumbList","@id":"https:\/\/jitsuvax.info\/the-science-behind-this-website\/#breadcrumb","itemListElement":[{"@type":"ListItem","position":1,"name":"Home","item":"https:\/\/jitsuvax.info\/"},{"@type":"ListItem","position":2,"name":""}]}]}},"_links":{"self":[{"href":"https:\/\/jitsuvax.info\/ro\/wp-json\/wp\/v2\/pages\/3385","targetHints":{"allow":["GET"]}}],"collection":[{"href":"https:\/\/jitsuvax.info\/ro\/wp-json\/wp\/v2\/pages"}],"about":[{"href":"https:\/\/jitsuvax.info\/ro\/wp-json\/wp\/v2\/types\/page"}],"author":[{"embeddable":true,"href":"https:\/\/jitsuvax.info\/ro\/wp-json\/wp\/v2\/users\/3"}],"replies":[{"embeddable":true,"href":"https:\/\/jitsuvax.info\/ro\/wp-json\/wp\/v2\/comments?post=3385"}],"version-history":[{"count":37,"href":"https:\/\/jitsuvax.info\/ro\/wp-json\/wp\/v2\/pages\/3385\/revisions"}],"predecessor-version":[{"id":3585,"href":"https:\/\/jitsuvax.info\/ro\/wp-json\/wp\/v2\/pages\/3385\/revisions\/3585"}],"wp:attachment":[{"href":"https:\/\/jitsuvax.info\/ro\/wp-json\/wp\/v2\/media?parent=3385"}],"curies":[{"name":"wp","href":"https:\/\/api.w.org\/{rel}","templated":true}]}}