{"id":3228,"date":"2022-09-19T12:15:32","date_gmt":"2022-09-19T12:15:32","guid":{"rendered":"https:\/\/jitsuvax.info\/?page_id=3228"},"modified":"2023-04-05T17:39:13","modified_gmt":"2023-04-05T17:39:13","slug":"privacy-policy","status":"publish","type":"page","link":"https:\/\/jitsuvax.info\/sv\/privacy-policy\/","title":{"rendered":"Integritetspolicy"},"content":{"rendered":"<div data-elementor-type=\"wp-page\" data-elementor-id=\"3228\" class=\"elementor elementor-3228\">\n\t\t\t\t\t\t\t\t\t<section data-particle_enable=\"false\" data-particle-mobile-disabled=\"false\" class=\"elementor-section elementor-top-section elementor-element elementor-element-7010770c elementor-section-boxed elementor-section-height-default elementor-section-height-default\" data-id=\"7010770c\" data-element_type=\"section\" data-settings=\"{&quot;background_background&quot;:&quot;classic&quot;}\">\n\t\t\t\t\t\t<div class=\"elementor-container elementor-column-gap-default\">\n\t\t\t\t\t<div class=\"elementor-column elementor-col-100 elementor-top-column elementor-element elementor-element-b52fe35\" data-id=\"b52fe35\" data-element_type=\"column\">\n\t\t\t<div class=\"elementor-widget-wrap elementor-element-populated\">\n\t\t\t\t\t\t\t\t<div class=\"elementor-element elementor-element-8ed8db9 animated-fast elementor-invisible elementor-widget elementor-widget-heading\" data-id=\"8ed8db9\" data-element_type=\"widget\" data-settings=\"{&quot;_animation&quot;:&quot;fadeIn&quot;}\" data-widget_type=\"heading.default\">\n\t\t\t\t<div class=\"elementor-widget-container\">\n\t\t\t<style>\/*! elementor - v3.6.6 - 08-06-2022 *\/\n.elementor-heading-title{padding:0;margin:0;line-height:1}.elementor-widget-heading .elementor-heading-title[class*=elementor-size-]>a{color:inherit;font-size:inherit;line-height:inherit}.elementor-widget-heading .elementor-heading-title.elementor-size-small{font-size:15px}.elementor-widget-heading .elementor-heading-title.elementor-size-medium{font-size:19px}.elementor-widget-heading .elementor-heading-title.elementor-size-large{font-size:29px}.elementor-widget-heading .elementor-heading-title.elementor-size-xl{font-size:39px}.elementor-widget-heading .elementor-heading-title.elementor-size-xxl{font-size:59px}<\/style><h1 class=\"elementor-heading-title elementor-size-default\">Integritetspolicy<\/h1>\t\t<\/div>\n\t\t\t\t<\/div>\n\t\t\t\t<div class=\"elementor-element elementor-element-77e2cb8 elementor-widget elementor-widget-text-editor\" data-id=\"77e2cb8\" data-element_type=\"widget\" data-widget_type=\"text-editor.default\">\n\t\t\t\t<div class=\"elementor-widget-container\">\n\t\t\t<style>\/*! elementor - v3.6.6 - 08-06-2022 *\/\n.elementor-widget-text-editor.elementor-drop-cap-view-stacked .elementor-drop-cap{background-color:#818a91;color:#fff}.elementor-widget-text-editor.elementor-drop-cap-view-framed .elementor-drop-cap{color:#818a91;border:3px solid;background-color:transparent}.elementor-widget-text-editor:not(.elementor-drop-cap-view-default) .elementor-drop-cap{margin-top:8px}.elementor-widget-text-editor:not(.elementor-drop-cap-view-default) .elementor-drop-cap-letter{width:1em;height:1em}.elementor-widget-text-editor .elementor-drop-cap{float:left;text-align:center;line-height:1;font-size:50px}.elementor-widget-text-editor .elementor-drop-cap-letter{display:inline-block}<\/style>\t\t\t\t<p><span style=\"font-weight: 400;\">\u201dJITSUVAX\u201d och universitetet i Cambridge (vi, oss eller v\u00e5r) arbetar f\u00f6r att skydda och respektera din integritet i enlighet med till\u00e4mplig dataskyddslagstiftning.<\/span><\/p><p><span style=\"font-weight: 400;\">I denna policy fastst\u00e4lls grunden f\u00f6r hur alla personuppgifter som vi samlar in fr\u00e5n dig, eller som du l\u00e4mnar till oss, kommer att behandlas av oss.  L\u00e4s nedanst\u00e5ende text noggrant f\u00f6r att f\u00f6rst\u00e5 v\u00e5ra \u00e5sikter och v\u00e5r praxis n\u00e4r det g\u00e4ller dina personuppgifter och hur vi kommer att behandla dem.\u00a0<\/span><\/p>\t\t\t\t\t\t<\/div>\n\t\t\t\t<\/div>\n\t\t\t\t<div class=\"elementor-element elementor-element-eb0f279 elementor-widget elementor-widget-text-editor\" data-id=\"eb0f279\" data-element_type=\"widget\" data-widget_type=\"text-editor.default\">\n\t\t\t\t<div class=\"elementor-widget-container\">\n\t\t\t\t\t\t\t<p><b>Definitioner<\/b><\/p><p><span style=\"font-weight: 400;\">Data: kollektiv term f\u00f6r all information som du l\u00e4mnar till universitetet i Cambridge via webbplatsen. Denna definition omfattar, i f\u00f6rekommande fall, definitionerna i dataskyddslagstiftningen.<\/span><\/p><p><span style=\"font-weight: 400;\">Kakor: en liten textfil som placeras p\u00e5 din dator av denna webbplats n\u00e4r du bes\u00f6ker vissa delar av webbplatsen och\/eller n\u00e4r du anv\u00e4nder vissa funktioner p\u00e5 webbplatsen. Information om de kakor som anv\u00e4nds p\u00e5 denna webbplats finns i stycket nedan (Kakor).<\/span><\/p><p><span style=\"font-weight: 400;\">Dataskyddslagstiftning: till\u00e4mplig lagstiftning om behandling av personuppgifter, inbegripet men inte begr\u00e4nsat till den allm\u00e4nna dataskyddsf\u00f6rordningen, och eventuella nationella genomf\u00f6randef\u00f6rordningar och kompletterande lagar, f\u00f6rordningar och sekund\u00e4rlagstiftning.<\/span><\/p><p><span style=\"font-weight: 400;\">Lagstiftning om kakor i Storbritannien och EU: the Privacy and Electronic Communications (EC Directive) Regulations 2003 as amended by the Privacy and Electronic Communications (EC Directive) (Amendment) Regulations 2011 &amp; the Privacy and Electronic Communications (EC Directive) (Amendment) Regulations 2018.<\/span><\/p><p><span style=\"font-weight: 400;\">Webbplats: den webbplats som du f\u00f6r n\u00e4rvarande anv\u00e4nder, www.jitsuvax\/info och eventuella underdom\u00e4ner till denna webbplats.\u00a0<\/span><\/p>\t\t\t\t\t\t<\/div>\n\t\t\t\t<\/div>\n\t\t\t\t<div class=\"elementor-element elementor-element-2760c22 elementor-widget elementor-widget-text-editor\" data-id=\"2760c22\" data-element_type=\"widget\" data-widget_type=\"text-editor.default\">\n\t\t\t\t<div class=\"elementor-widget-container\">\n\t\t\t\t\t\t\t<p><b>GDPR-meddelande<\/b><\/p><p><span style=\"font-weight: 400;\">I enlighet med dataskyddslagstiftningen \u00e4r den personuppgiftsansvarige universitetet i Cambridge. Den r\u00e4ttsliga grunden f\u00f6r att anv\u00e4nda din personliga information \u00e4r att utf\u00f6ra en uppgift (dvs. akademisk forskning och engagemang med intressenter och allm\u00e4nheten) i allm\u00e4nhetens intresse.<\/span><\/p><p><span style=\"font-weight: 400;\">V\u00e4nligen rikta alla fr\u00e5gor om denna integritetspolicy till Sander van der Linden (sv395@cam.ac.uk). <\/span><span style=\"font-weight: 400;\">Sander<\/span><span style=\"font-weight: 400;\"> van der Linden (sv395@cam.ac.uk).<\/span><\/p><p><span style=\"font-weight: 400;\">Dataskyddsombudet vid universitetet i Cambridge (the University of Cambridge Data Protection Officer) kan kontaktas p\u00e5 dpo@admin.cam.ac.uk.\u00a0<\/span><a href=\"mailto:dpo@admin.cam.ac.uk\"><span style=\"font-weight: 400;\">dpo@admin.cam.ac.uk<\/span><\/a><span style=\"font-weight: 400;\">.\u00a0<\/span><\/p>\t\t\t\t\t\t<\/div>\n\t\t\t\t<\/div>\n\t\t\t\t<div class=\"elementor-element elementor-element-e1fcb9b elementor-widget elementor-widget-text-editor\" data-id=\"e1fcb9b\" data-element_type=\"widget\" data-widget_type=\"text-editor.default\">\n\t\t\t\t<div class=\"elementor-widget-container\">\n\t\t\t\t\t\t\t<p><b>Insamlade data<\/b><\/p><p><span style=\"font-weight: 400;\">Vi kan samla in data fr\u00e5n dig i enlighet med denna integritetspolicy enligt beskrivningen p\u00e5 Google Analytics webbplats <\/span><a href=\"https:\/\/policies.google.com\/privacy\"><span style=\"font-weight: 400;\">https:\/\/policies.google.com\/privacy<\/span><\/a><span style=\"font-weight: 400;\"> Dessa data hj\u00e4lper oss att f\u00f6rb\u00e4ttra webbplatsens inneh\u00e5ll och navigering, och inkluderar din IP-adress och datum, tidpunkter och frekvens f\u00f6r dina bes\u00f6k p\u00e5 webbplatsen, samt hur du anv\u00e4nder och interagerar med dess inneh\u00e5ll.<\/span><\/p><p><span style=\"font-weight: 400;\">Vi samlar in dina data automatiskt via kakor, i enlighet med inst\u00e4llningarna f\u00f6r kakor i din webbl\u00e4sare. Mer information om kakor och hur vi anv\u00e4nder dem p\u00e5 webbplatsen finns i avsnittet nedan under rubriken Kakor.<\/span><\/p>\t\t\t\t\t\t<\/div>\n\t\t\t\t<\/div>\n\t\t\t\t<div class=\"elementor-element elementor-element-7962334 elementor-widget elementor-widget-text-editor\" data-id=\"7962334\" data-element_type=\"widget\" data-widget_type=\"text-editor.default\">\n\t\t\t\t<div class=\"elementor-widget-container\">\n\t\t\t\t\t\t\t<p><b>Med vem delar vi data<\/b><\/p><p><span style=\"font-weight: 400;\">Vi kan dela dina data med v\u00e5ra anst\u00e4llda, ombud och\/eller professionella r\u00e5dgivare s\u00e5 att vi kan sp\u00e5ra anv\u00e4ndningen av webbplatsen i enlighet med denna integritetspolicy.<\/span><\/p>\t\t\t\t\t\t<\/div>\n\t\t\t\t<\/div>\n\t\t\t\t<div class=\"elementor-element elementor-element-d3a7ae1 elementor-widget elementor-widget-text-editor\" data-id=\"d3a7ae1\" data-element_type=\"widget\" data-widget_type=\"text-editor.default\">\n\t\t\t\t<div class=\"elementor-widget-container\">\n\t\t\t\t\t\t\t<p><b>Var lagrar vi dina personuppgifter<\/b><\/p><p><span style=\"font-weight: 400;\">All information som du l\u00e4mnar till oss lagras endast p\u00e5 s\u00e4kra servrar i internationella dataprocessorer som \u00e4r kompatibla med b\u00e5de Europeiska ekonomiska samarbetsomr\u00e5det (EES) och dataskyddsf\u00f6rordningen. Om internationella personuppgiftsbitr\u00e4den anv\u00e4nds kommer alla till\u00e4mpliga tekniska och r\u00e4ttsliga skydds\u00e5tg\u00e4rder att inf\u00f6ras f\u00f6r att s\u00e4kerst\u00e4lla att du f\u00e5r samma skyddsniv\u00e5 som inom EES.<\/span><\/p><p><span style=\"font-weight: 400;\">N\u00e4r vi har f\u00e5tt din information kommer vi att anv\u00e4nda strikta rutiner och s\u00e4kerhetsfunktioner f\u00f6r att f\u00f6rs\u00f6ka f\u00f6rhindra obeh\u00f6rig \u00e5tkomst. Vi beh\u00e5ller dina personuppgifter s\u00e5 l\u00e4nge som det beh\u00f6vs eller \u00e4r till\u00e5tet f\u00f6r det syfte de inh\u00e4mtades och i \u00f6verensst\u00e4mmelse med till\u00e4mplig lag.<\/span><\/p>\t\t\t\t\t\t<\/div>\n\t\t\t\t<\/div>\n\t\t\t\t<div class=\"elementor-element elementor-element-9dee51f elementor-widget elementor-widget-text-editor\" data-id=\"9dee51f\" data-element_type=\"widget\" data-widget_type=\"text-editor.default\">\n\t\t\t\t<div class=\"elementor-widget-container\">\n\t\t\t\t\t\t\t<p><b>Dina r\u00e4ttigheter<\/b><\/p><p><span style=\"font-weight: 400;\">Dataskyddslagstiftningen ger dig en rad r\u00e4ttigheter n\u00e4r det g\u00e4ller dina personuppgifter inklusive, men inte begr\u00e4nsat till, r\u00e4tten att f\u00e5 tillg\u00e5ng till information om dig. En \u00f6versikt \u00f6ver dina r\u00e4ttigheter och hur du ut\u00f6var dem finns p\u00e5 v\u00e5r sida om integritetsskydd (p\u00e5 engelska): <\/span><a href=\"https:\/\/www.information-compliance.admin.cam.ac.uk\/data-protection\"><span style=\"font-weight: 400;\">https:\/\/www.information-compliance.admin.cam.ac.uk\/data-protection<\/span><\/a><\/p><p><span style=\"font-weight: 400;\">P\u00e5 webbplatsen kan det tidvis finnas l\u00e4nkar till och fr\u00e5n andra webbplatser. Om du f\u00f6ljer en l\u00e4nk till n\u00e5gon av dessa webbplatser, observera att de har sina egna integritetspolicyer och att vi inte tar n\u00e5got ansvar f\u00f6r dessa.  Kontrollera integritetspolicyerna innan du skickar in personuppgifter till dessa webbplatser.<\/span><\/p>\t\t\t\t\t\t<\/div>\n\t\t\t\t<\/div>\n\t\t\t\t<div class=\"elementor-element elementor-element-49b882e elementor-widget elementor-widget-text-editor\" data-id=\"49b882e\" data-element_type=\"widget\" data-widget_type=\"text-editor.default\">\n\t\t\t\t<div class=\"elementor-widget-container\">\n\t\t\t\t\t\t\t<p><b>\u00d6verf\u00f6ringar utanf\u00f6r Storbritannien och Europeiska ekonomiska samarbetsomr\u00e5det<\/b><\/p><p><span style=\"font-weight: 400;\">De data som vi samlar in fr\u00e5n dig kan lagras och behandlas i och \u00f6verf\u00f6ras till l\u00e4nder utanf\u00f6r Storbritannien och Europeiska ekonomiska samarbetsomr\u00e5det (EES). Detta kan till exempel intr\u00e4ffa om v\u00e5ra servrar finns i ett land utanf\u00f6r Storbritannien eller EES eller om en av v\u00e5ra tj\u00e4nsteleverant\u00f6rer \u00e4r bel\u00e4gen i ett land utanf\u00f6r Storbritannien eller EES.<\/span><\/p><p><span style=\"font-weight: 400;\">Vi kommer endast att \u00f6verf\u00f6ra data utanf\u00f6r Storbritannien eller EES om detta \u00e4r f\u00f6renligt med dataskyddslagstiftningen och \u00f6verf\u00f6ringss\u00e4tten ger tillr\u00e4ckliga garantier i f\u00f6rh\u00e5llande till dina data, t.ex. genom avtal om data\u00f6verf\u00f6ring, som inneh\u00e5ller de nuvarande standard avtalsklausuler som antagits av Europeiska kommissionen.<\/span><\/p>\t\t\t\t\t\t<\/div>\n\t\t\t\t<\/div>\n\t\t\t\t<div class=\"elementor-element elementor-element-ab9ad84 elementor-widget elementor-widget-text-editor\" data-id=\"ab9ad84\" data-element_type=\"widget\" data-widget_type=\"text-editor.default\">\n\t\t\t\t<div class=\"elementor-widget-container\">\n\t\t\t\t\t\t\t<p><b>Kakor<\/b><\/p><p><span style=\"font-weight: 400;\">Denna webbplats kan placera analytiska\/prestandakakor fr\u00e5n Google Analytics. Dessa g\u00f6r det m\u00f6jligt f\u00f6r oss att k\u00e4nna igen och r\u00e4kna antalet bes\u00f6kare och se hur bes\u00f6kare r\u00f6r sig p\u00e5 v\u00e5r webbplats n\u00e4r de anv\u00e4nder den. Detta hj\u00e4lper oss att f\u00f6rb\u00e4ttra webbplatsens funktion, till exempel genom att se till att bes\u00f6karna enkelt kan hitta vad de s\u00f6ker.\u00a0<\/span><\/p><p><span style=\"font-weight: 400;\">Alla kakor som anv\u00e4nds p\u00e5 denna webbplats anv\u00e4nds i enlighet med g\u00e4llande lagstiftning om kakor i Storbritannien och EU. Innan webbplatsen placerar kakor p\u00e5 din dator visas ett meddelandef\u00e4lt d\u00e4r vi ber om ditt samtycke till kakorna. Genom att ge ditt samtycke till placeringen av kakor g\u00f6r du det m\u00f6jligt f\u00f6r universitetet i Cambridge att tillhandah\u00e5lla en b\u00e4ttre upplevelse och service. Du kan, om du s\u00e5 \u00f6nskar, neka till placeringen av kakor.\u00a0<\/span><\/p><p><span style=\"font-weight: 400;\">Du kan v\u00e4lja att aktivera eller inaktivera kakor i din webbl\u00e4sare. Som standard accepterar de flesta webbl\u00e4sare kakor, men denna inst\u00e4llning kan \u00e4ndras. Mer detaljerad information finns i hj\u00e4lpmenyn i din webbl\u00e4sare. Du kan v\u00e4lja att st\u00e4nga av eller ta bort kakor n\u00e4r som helst.<\/span><\/p><p><span style=\"font-weight: 400;\">Mer information om kakor, inklusive hur du inaktiverar dem, finns i aboutcookies.org. Du hittar ocks\u00e5 information om hur du tar bort kakor fr\u00e5n datorn.<\/span><\/p>\t\t\t\t\t\t<\/div>\n\t\t\t\t<\/div>\n\t\t\t\t<div class=\"elementor-element elementor-element-599d067 elementor-widget elementor-widget-text-editor\" data-id=\"599d067\" data-element_type=\"widget\" data-widget_type=\"text-editor.default\">\n\t\t\t\t<div class=\"elementor-widget-container\">\n\t\t\t\t\t\t\t<p><b>\u00c4ndringar i integritetspolicyn<\/b><\/p><p><span style=\"font-weight: 400;\">Eventuella \u00e4ndringar i v\u00e5r integritetspolicy i framtiden kommer att publiceras p\u00e5 den h\u00e4r sidan och, i f\u00f6rekommande fall, meddelas p\u00e5 sj\u00e4lva webbplatsen. V\u00e4nligen bes\u00f6k sidan regelbundet f\u00f6r att ta del av eventuella uppdateringar eller \u00e4ndringar i v\u00e5r integritetspolicy.<\/span><\/p><p><span style=\"font-weight: 400;\">Denna integritetspolicy uppdaterades den 14 september 2022.<\/span><\/p>\t\t\t\t\t\t<\/div>\n\t\t\t\t<\/div>\n\t\t\t\t<div class=\"elementor-element elementor-element-670c325 elementor-widget elementor-widget-text-editor\" data-id=\"670c325\" data-element_type=\"widget\" data-widget_type=\"text-editor.default\">\n\t\t\t\t<div class=\"elementor-widget-container\">\n\t\t\t\t\t\t\t<p><b>Kontakt<\/b><\/p><p><span style=\"font-weight: 400;\">Fr\u00e5gor, kommentarer och f\u00f6rfr\u00e5gningar om denna integritetspolicy \u00e4r v\u00e4lkomna och ska st\u00e4llas till <\/span><span style=\"font-weight: 400;\">Sander<\/span><span style=\"font-weight: 400;\"> van der Linden (<a href=\"mailto:sv395@cam.ac.uk\">sv395@cam.ac.uk<\/a>), Department of Psychology, University of Cambridge, Downing Street Cambridge, CB2 3EB<\/span><\/p><p><span style=\"font-weight: 400;\">Dataskyddsombudet vid universitetet kan kontaktas p\u00e5 <a href=\"mailto:dpo@admin.cam.ac.uk\">dpo@admin.cam.ac.uk<\/a><\/span><\/p>\t\t\t\t\t\t<\/div>\n\t\t\t\t<\/div>\n\t\t\t\t<div class=\"elementor-element elementor-element-1877a96 animated-fast elementor-invisible elementor-widget elementor-widget-heading\" data-id=\"1877a96\" data-element_type=\"widget\" data-settings=\"{&quot;_animation&quot;:&quot;fadeIn&quot;}\" data-widget_type=\"heading.default\">\n\t\t\t\t<div class=\"elementor-widget-container\">\n\t\t\t<h1 class=\"elementor-heading-title elementor-size-default\">MEDDELANDE OM KAKOR<\/h1>\t\t<\/div>\n\t\t\t\t<\/div>\n\t\t\t\t<div class=\"elementor-element elementor-element-8aa57bf elementor-widget elementor-widget-text-editor\" data-id=\"8aa57bf\" data-element_type=\"widget\" data-widget_type=\"text-editor.default\">\n\t\t\t\t<div class=\"elementor-widget-container\">\n\t\t\t\t\t\t\t<p><span style=\"font-family: var( --e-global-typography-text-font-family ), Sans-serif; font-weight: var( --e-global-typography-text-font-weight ); background-color: var( --e-global-color-2b653ef );\">I tabellen nedan hittar du en lista p\u00e5 aktiva kakor p\u00e5 den h\u00e4r webbplatsen tillsammans<\/span><span style=\"background-color: var( --e-global-color-2b653ef ); font-family: var( --e-global-typography-text-font-family ), Sans-serif; font-weight: var( --e-global-typography-text-font-weight ); color: var( --e-global-color-a8e230f );\">&nbsp;statusen f\u00f6r ditt samtycke till kakor.<\/span><\/p>\t\t\t\t\t\t<\/div>\n\t\t\t\t<\/div>\n\t\t\t\t<div class=\"elementor-element elementor-element-f404aef elementor-widget elementor-widget-text-editor\" data-id=\"f404aef\" data-element_type=\"widget\" data-widget_type=\"text-editor.default\">\n\t\t\t\t<div class=\"elementor-widget-container\">\n\t\t\t\t\t\t\t<p><br \/><script id=\"CookieDeclaration\" src=\"https:\/\/consent.cookiebot.com\/0083fada-0425-4faa-95b0-901b54513136\/cd.js\" type=\"text\/javascript\" async><\/script><\/p>\t\t\t\t\t\t<\/div>\n\t\t\t\t<\/div>\n\t\t\t\t\t<\/div>\n\t\t<\/div>\n\t\t\t\t\t\t\t<\/div>\n\t\t<\/section>\n\t\t\t\t\t\t\t<\/div>","protected":false},"excerpt":{"rendered":"<p>Privacy Policy \u201cJITSUVAX\u201d and the University of Cambridge (we, us or our) are committed to protecting and respecting your privacy in accordance with the applicable data protection legislation. This policy sets out the basis on which any personal data we collect from you, or that you provide to us, will be processed by us.\u00a0 Please [&hellip;]<\/p>","protected":false},"author":1,"featured_media":0,"parent":0,"menu_order":0,"comment_status":"closed","ping_status":"closed","template":"","meta":{"footnotes":""},"class_list":["post-3228","page","type-page","status-publish","hentry"],"acf":[],"yoast_head":"<!-- This site is optimized with the Yoast SEO plugin v19.2 - https:\/\/yoast.com\/wordpress\/plugins\/seo\/ -->\n<title>Privacy Policy - JITSUVAX<\/title>\n<meta name=\"robots\" content=\"index, follow, max-snippet:-1, max-image-preview:large, max-video-preview:-1\" \/>\n<link rel=\"canonical\" href=\"https:\/\/jitsuvax.info\/sv\/privacy-policy\/\" \/>\n<meta property=\"og:locale\" content=\"sv_SE\" \/>\n<meta property=\"og:type\" content=\"article\" \/>\n<meta property=\"og:title\" content=\"Privacy Policy - JITSUVAX\" \/>\n<meta property=\"og:description\" content=\"Privacy Policy \u201cJITSUVAX\u201d and the University of Cambridge (we, us or our) are committed to protecting and respecting your privacy in accordance with the applicable data protection legislation. This policy sets out the basis on which any personal data we collect from you, or that you provide to us, will be processed by us.\u00a0 Please [&hellip;]\" \/>\n<meta property=\"og:url\" content=\"https:\/\/jitsuvax.info\/sv\/privacy-policy\/\" \/>\n<meta property=\"og:site_name\" content=\"JITSUVAX\" \/>\n<meta property=\"article:modified_time\" content=\"2023-04-05T17:39:13+00:00\" \/>\n<meta name=\"author\" content=\"admin-syl\" \/>\n<meta name=\"twitter:card\" content=\"summary_large_image\" \/>\n<meta name=\"twitter:label1\" content=\"Ber\u00e4knad l\u00e4stid\" \/>\n\t<meta name=\"twitter:data1\" content=\"7 minuter\" \/>\n<script type=\"application\/ld+json\" class=\"yoast-schema-graph\">{\"@context\":\"https:\/\/schema.org\",\"@graph\":[{\"@type\":\"Organization\",\"@id\":\"https:\/\/jitsuvax.info\/#organization\",\"name\":\"Jitsuvax\",\"url\":\"https:\/\/jitsuvax.info\/\",\"sameAs\":[],\"logo\":{\"@type\":\"ImageObject\",\"inLanguage\":\"sv-SE\",\"@id\":\"https:\/\/jitsuvax.info\/#\/schema\/logo\/image\/\",\"url\":\"https:\/\/jitsuvax.info\/wp-content\/uploads\/2021\/10\/jitsuvax-logo-colourtransparent.png\",\"contentUrl\":\"https:\/\/jitsuvax.info\/wp-content\/uploads\/2021\/10\/jitsuvax-logo-colourtransparent.png\",\"width\":904,\"height\":380,\"caption\":\"Jitsuvax\"},\"image\":{\"@id\":\"https:\/\/jitsuvax.info\/#\/schema\/logo\/image\/\"}},{\"@type\":\"WebSite\",\"@id\":\"https:\/\/jitsuvax.info\/#website\",\"url\":\"https:\/\/jitsuvax.info\/\",\"name\":\"JITSUVAX\",\"description\":\"Vaccinating against misconceptions to protect global public health\",\"publisher\":{\"@id\":\"https:\/\/jitsuvax.info\/#organization\"},\"potentialAction\":[{\"@type\":\"SearchAction\",\"target\":{\"@type\":\"EntryPoint\",\"urlTemplate\":\"https:\/\/jitsuvax.info\/?s={search_term_string}\"},\"query-input\":\"required name=search_term_string\"}],\"inLanguage\":\"sv-SE\"},{\"@type\":\"WebPage\",\"@id\":\"https:\/\/jitsuvax.info\/privacy-policy\/#webpage\",\"url\":\"https:\/\/jitsuvax.info\/privacy-policy\/\",\"name\":\"Privacy Policy - JITSUVAX\",\"isPartOf\":{\"@id\":\"https:\/\/jitsuvax.info\/#website\"},\"datePublished\":\"2022-09-19T12:15:32+00:00\",\"dateModified\":\"2023-04-05T17:39:13+00:00\",\"breadcrumb\":{\"@id\":\"https:\/\/jitsuvax.info\/privacy-policy\/#breadcrumb\"},\"inLanguage\":\"sv-SE\",\"potentialAction\":[{\"@type\":\"ReadAction\",\"target\":[\"https:\/\/jitsuvax.info\/privacy-policy\/\"]}]},{\"@type\":\"BreadcrumbList\",\"@id\":\"https:\/\/jitsuvax.info\/privacy-policy\/#breadcrumb\",\"itemListElement\":[{\"@type\":\"ListItem\",\"position\":1,\"name\":\"Home\",\"item\":\"https:\/\/jitsuvax.info\/\"},{\"@type\":\"ListItem\",\"position\":2,\"name\":\"Privacy Policy\"}]}]}<\/script>\n<!-- \/ Yoast SEO plugin. -->","yoast_head_json":{"title":"Privacy Policy - JITSUVAX","robots":{"index":"index","follow":"follow","max-snippet":"max-snippet:-1","max-image-preview":"max-image-preview:large","max-video-preview":"max-video-preview:-1"},"canonical":"https:\/\/jitsuvax.info\/sv\/privacy-policy\/","og_locale":"sv_SE","og_type":"article","og_title":"Privacy Policy - JITSUVAX","og_description":"Privacy Policy \u201cJITSUVAX\u201d and the University of Cambridge (we, us or our) are committed to protecting and respecting your privacy in accordance with the applicable data protection legislation. This policy sets out the basis on which any personal data we collect from you, or that you provide to us, will be processed by us.\u00a0 Please [&hellip;]","og_url":"https:\/\/jitsuvax.info\/sv\/privacy-policy\/","og_site_name":"JITSUVAX","article_modified_time":"2023-04-05T17:39:13+00:00","author":"admin-syl","twitter_card":"summary_large_image","twitter_misc":{"Ber\u00e4knad l\u00e4stid":"7 minuter"},"schema":{"@context":"https:\/\/schema.org","@graph":[{"@type":"Organization","@id":"https:\/\/jitsuvax.info\/#organization","name":"Jitsuvax","url":"https:\/\/jitsuvax.info\/","sameAs":[],"logo":{"@type":"ImageObject","inLanguage":"sv-SE","@id":"https:\/\/jitsuvax.info\/#\/schema\/logo\/image\/","url":"https:\/\/jitsuvax.info\/wp-content\/uploads\/2021\/10\/jitsuvax-logo-colourtransparent.png","contentUrl":"https:\/\/jitsuvax.info\/wp-content\/uploads\/2021\/10\/jitsuvax-logo-colourtransparent.png","width":904,"height":380,"caption":"Jitsuvax"},"image":{"@id":"https:\/\/jitsuvax.info\/#\/schema\/logo\/image\/"}},{"@type":"WebSite","@id":"https:\/\/jitsuvax.info\/#website","url":"https:\/\/jitsuvax.info\/","name":"JITSUVAX","description":"Vaccinating against misconceptions to protect global public health","publisher":{"@id":"https:\/\/jitsuvax.info\/#organization"},"potentialAction":[{"@type":"SearchAction","target":{"@type":"EntryPoint","urlTemplate":"https:\/\/jitsuvax.info\/?s={search_term_string}"},"query-input":"required name=search_term_string"}],"inLanguage":"sv-SE"},{"@type":"WebPage","@id":"https:\/\/jitsuvax.info\/privacy-policy\/#webpage","url":"https:\/\/jitsuvax.info\/privacy-policy\/","name":"Privacy Policy - JITSUVAX","isPartOf":{"@id":"https:\/\/jitsuvax.info\/#website"},"datePublished":"2022-09-19T12:15:32+00:00","dateModified":"2023-04-05T17:39:13+00:00","breadcrumb":{"@id":"https:\/\/jitsuvax.info\/privacy-policy\/#breadcrumb"},"inLanguage":"sv-SE","potentialAction":[{"@type":"ReadAction","target":["https:\/\/jitsuvax.info\/privacy-policy\/"]}]},{"@type":"BreadcrumbList","@id":"https:\/\/jitsuvax.info\/privacy-policy\/#breadcrumb","itemListElement":[{"@type":"ListItem","position":1,"name":"Home","item":"https:\/\/jitsuvax.info\/"},{"@type":"ListItem","position":2,"name":"Privacy Policy"}]}]}},"_links":{"self":[{"href":"https:\/\/jitsuvax.info\/sv\/wp-json\/wp\/v2\/pages\/3228","targetHints":{"allow":["GET"]}}],"collection":[{"href":"https:\/\/jitsuvax.info\/sv\/wp-json\/wp\/v2\/pages"}],"about":[{"href":"https:\/\/jitsuvax.info\/sv\/wp-json\/wp\/v2\/types\/page"}],"author":[{"embeddable":true,"href":"https:\/\/jitsuvax.info\/sv\/wp-json\/wp\/v2\/users\/1"}],"replies":[{"embeddable":true,"href":"https:\/\/jitsuvax.info\/sv\/wp-json\/wp\/v2\/comments?post=3228"}],"version-history":[{"count":22,"href":"https:\/\/jitsuvax.info\/sv\/wp-json\/wp\/v2\/pages\/3228\/revisions"}],"predecessor-version":[{"id":3433,"href":"https:\/\/jitsuvax.info\/sv\/wp-json\/wp\/v2\/pages\/3228\/revisions\/3433"}],"wp:attachment":[{"href":"https:\/\/jitsuvax.info\/sv\/wp-json\/wp\/v2\/media?parent=3228"}],"curies":[{"name":"wp","href":"https:\/\/api.w.org\/{rel}","templated":true}]}}